{"id":426,"date":"2025-01-31T08:32:01","date_gmt":"2025-01-31T07:32:01","guid":{"rendered":"https:\/\/divainers.com\/producto\/divain-207\/"},"modified":"2026-04-30T16:22:19","modified_gmt":"2026-04-30T14:22:19","slug":"divain-207","status":"publish","type":"product","link":"https:\/\/divainers.com\/it\/producto\/divain-207\/","title":{"rendered":"divain.207"},"content":{"rendered":"<p>Klasick\u00e1 a sofistikovan\u00e1 v\u016fn\u011b, kter\u00e1 symbolizuje nad\u010dasovou eleganci. Jej\u00ed sv\u011b\u017e\u00ed \u00favod kombinuje t\u00f3ny levandule, mandarinky a bergamotu, vytv\u00e1\u0159ej\u00edc\u00ed sv\u011btl\u00fd a \u017eiv\u00fd pocit. V srdci v\u016fn\u011b koriandr, konvalinka a bazalka p\u0159in\u00e1\u0161ej\u00ed aromatick\u00fd a bylinn\u00fd n\u00e1dech, kter\u00fd vyva\u017euje kompozici sv\u011b\u017eest\u00ed a hloubkou. Z\u00e1klad tvo\u0159\u00ed tepl\u00e9 t\u00f3ny santalov\u00e9ho d\u0159eva, vetiveru a jantaru, kter\u00e9 zanech\u00e1vaj\u00ed jemnou a mu\u017enou stopu. Ide\u00e1ln\u00ed pro ty, kte\u0159\u00ed hledaj\u00ed sv\u011b\u017e\u00ed a elegantn\u00ed v\u016fni, perfektn\u00ed na ka\u017ed\u00fd den i zvl\u00e1\u0161tn\u00ed p\u0159\u00edle\u017eitosti.<\/p>\n","protected":false},"excerpt":{"rendered":"<p>P\u0159ipom\u00edn\u00e1 Eternity od Calvin Klein<\/p>\n","protected":false},"featured_media":15986,"comment_status":"open","ping_status":"closed","template":"","meta":[],"product_brand":[],"product_cat":[2045],"product_tag":[1368],"class_list":{"0":"post-426","1":"product","2":"type-product","3":"status-publish","4":"has-post-thumbnail","6":"product_cat-calvin-klein","7":"product_tag-viriesi","9":"first","10":"instock","11":"shipping-taxable","12":"product-type-simple"},"_links":{"self":[{"href":"https:\/\/divainers.com\/it\/wp-json\/wp\/v2\/product\/426","targetHints":{"allow":["GET"]}}],"collection":[{"href":"https:\/\/divainers.com\/it\/wp-json\/wp\/v2\/product"}],"about":[{"href":"https:\/\/divainers.com\/it\/wp-json\/wp\/v2\/types\/product"}],"replies":[{"embeddable":true,"href":"https:\/\/divainers.com\/it\/wp-json\/wp\/v2\/comments?post=426"}],"wp:featuredmedia":[{"embeddable":true,"href":"https:\/\/divainers.com\/it\/wp-json\/wp\/v2\/media\/15986"}],"wp:attachment":[{"href":"https:\/\/divainers.com\/it\/wp-json\/wp\/v2\/media?parent=426"}],"wp:term":[{"taxonomy":"product_brand","embeddable":true,"href":"https:\/\/divainers.com\/it\/wp-json\/wp\/v2\/product_brand?post=426"},{"taxonomy":"product_cat","embeddable":true,"href":"https:\/\/divainers.com\/it\/wp-json\/wp\/v2\/product_cat?post=426"},{"taxonomy":"product_tag","embeddable":true,"href":"https:\/\/divainers.com\/it\/wp-json\/wp\/v2\/product_tag?post=426"}],"curies":[{"name":"wp","href":"https:\/\/api.w.org\/{rel}","templated":true}]}}