{"id":427,"date":"2025-01-31T08:32:01","date_gmt":"2025-01-31T07:32:01","guid":{"rendered":"https:\/\/divainers.com\/producto\/divain-259\/"},"modified":"2026-04-30T16:22:20","modified_gmt":"2026-04-30T14:22:20","slug":"divain-259","status":"publish","type":"product","link":"https:\/\/divainers.com\/it\/producto\/divain-259\/","title":{"rendered":"divain.259"},"content":{"rendered":"<p>V\u016fn\u011b, kter\u00e1 evokuje sofistikovanost a s\u00edlu odv\u00e1\u017en\u00e9ho a rozhodn\u00e9ho mu\u017ee. Jej\u00ed sv\u011b\u017e\u00ed a ko\u0159en\u011bn\u00fd \u00favod s t\u00f3ny rozmar\u00fdnu, bergamotu a mandarinky okam\u017eit\u011b probouz\u00ed smysly \u017eivou energi\u00ed. V srdci se rozv\u00edj\u00ed intenzivn\u00ed sm\u011bs pep\u0159e, sko\u0159ice a ka\u0161m\u00edrov\u00e9ho d\u0159eva, kter\u00e1 dod\u00e1v\u00e1 tepl\u00fd a mu\u017en\u00fd charakter s jemn\u011b rafinovan\u00fdm n\u00e1dechem. Z\u00e1klad odhaluje bohatou kombinaci santalov\u00e9ho d\u0159eva, pi\u017ema a cedru, kter\u00e1 nab\u00edz\u00ed hlubokou a obklopuj\u00edc\u00ed stopu, zanech\u00e1vaj\u00edc\u00ed trval\u00fd dojem. Perfektn\u00ed pro modern\u00edho mu\u017ee, kter\u00fd hled\u00e1 v\u016fni vyv\u00e1\u017eenou mezi sv\u011b\u017eest\u00ed a hloubkou.<\/p>\n","protected":false},"excerpt":{"rendered":"<p>P\u0159ipom\u00edn\u00e1 Calvin Klein Man od Calvin Klein<\/p>\n","protected":false},"featured_media":15987,"comment_status":"open","ping_status":"closed","template":"","meta":[],"product_brand":[],"product_cat":[2050],"product_tag":[1369],"class_list":{"0":"post-427","1":"product","2":"type-product","3":"status-publish","4":"has-post-thumbnail","6":"product_cat-calvin-klein","7":"product_tag-barbati","9":"first","10":"instock","11":"shipping-taxable","12":"product-type-simple"},"_links":{"self":[{"href":"https:\/\/divainers.com\/it\/wp-json\/wp\/v2\/product\/427","targetHints":{"allow":["GET"]}}],"collection":[{"href":"https:\/\/divainers.com\/it\/wp-json\/wp\/v2\/product"}],"about":[{"href":"https:\/\/divainers.com\/it\/wp-json\/wp\/v2\/types\/product"}],"replies":[{"embeddable":true,"href":"https:\/\/divainers.com\/it\/wp-json\/wp\/v2\/comments?post=427"}],"wp:featuredmedia":[{"embeddable":true,"href":"https:\/\/divainers.com\/it\/wp-json\/wp\/v2\/media\/15987"}],"wp:attachment":[{"href":"https:\/\/divainers.com\/it\/wp-json\/wp\/v2\/media?parent=427"}],"wp:term":[{"taxonomy":"product_brand","embeddable":true,"href":"https:\/\/divainers.com\/it\/wp-json\/wp\/v2\/product_brand?post=427"},{"taxonomy":"product_cat","embeddable":true,"href":"https:\/\/divainers.com\/it\/wp-json\/wp\/v2\/product_cat?post=427"},{"taxonomy":"product_tag","embeddable":true,"href":"https:\/\/divainers.com\/it\/wp-json\/wp\/v2\/product_tag?post=427"}],"curies":[{"name":"wp","href":"https:\/\/api.w.org\/{rel}","templated":true}]}}