{"id":487,"date":"2025-01-31T08:32:09","date_gmt":"2025-01-31T07:32:09","guid":{"rendered":"https:\/\/divainers.com\/producto\/divain-303\/"},"modified":"2026-04-30T16:23:27","modified_gmt":"2026-04-30T14:23:27","slug":"divain-303","status":"publish","type":"product","link":"https:\/\/divainers.com\/it\/producto\/divain-303\/","title":{"rendered":"divain.303"},"content":{"rendered":"<p>Exotick\u00e1 a osv\u011b\u017euj\u00edc\u00ed v\u016fn\u011b, kter\u00e1 evokuje mo\u0159sk\u00fd v\u00e1nek a ducha Karibiku. Jej\u00ed \u00favod je sv\u011btl\u00fd a citrusov\u00fd, s exploz\u00ed limetky a bergamotu, kter\u00e1 se m\u00eds\u00ed s kr\u00e9mov\u00fdm kokosem a p\u0159in\u00e1\u0161\u00ed tropick\u00fd pocit. V srdci v\u016fn\u011b dod\u00e1vaj\u00ed rum a cukrov\u00e1 t\u0159tina teplo a slavnostn\u00ed atmosf\u00e9ru, zat\u00edmco z\u00e1klad z pi\u017ema a d\u0159evin dod\u00e1v\u00e1 hloubku a eleganci. Je \u017eiv\u00e1, letn\u00ed a ide\u00e1ln\u00ed pro ty, kte\u0159\u00ed hledaj\u00ed sv\u011b\u017e\u00ed v\u016fni s n\u00e1dechem sofistikovanosti.<\/p>\n","protected":false},"excerpt":{"rendered":"<p>P\u0159ipom\u00edn\u00e1 Virgin Island Water od Creed<\/p>\n","protected":false},"featured_media":16037,"comment_status":"open","ping_status":"closed","template":"","meta":[],"product_brand":[],"product_cat":[2271],"product_tag":[1407],"class_list":{"0":"post-487","1":"product","2":"type-product","3":"status-publish","4":"has-post-thumbnail","6":"product_cat-creed","7":"product_tag-unisex","9":"first","10":"instock","11":"shipping-taxable","12":"product-type-simple"},"_links":{"self":[{"href":"https:\/\/divainers.com\/it\/wp-json\/wp\/v2\/product\/487","targetHints":{"allow":["GET"]}}],"collection":[{"href":"https:\/\/divainers.com\/it\/wp-json\/wp\/v2\/product"}],"about":[{"href":"https:\/\/divainers.com\/it\/wp-json\/wp\/v2\/types\/product"}],"replies":[{"embeddable":true,"href":"https:\/\/divainers.com\/it\/wp-json\/wp\/v2\/comments?post=487"}],"wp:featuredmedia":[{"embeddable":true,"href":"https:\/\/divainers.com\/it\/wp-json\/wp\/v2\/media\/16037"}],"wp:attachment":[{"href":"https:\/\/divainers.com\/it\/wp-json\/wp\/v2\/media?parent=487"}],"wp:term":[{"taxonomy":"product_brand","embeddable":true,"href":"https:\/\/divainers.com\/it\/wp-json\/wp\/v2\/product_brand?post=487"},{"taxonomy":"product_cat","embeddable":true,"href":"https:\/\/divainers.com\/it\/wp-json\/wp\/v2\/product_cat?post=487"},{"taxonomy":"product_tag","embeddable":true,"href":"https:\/\/divainers.com\/it\/wp-json\/wp\/v2\/product_tag?post=487"}],"curies":[{"name":"wp","href":"https:\/\/api.w.org\/{rel}","templated":true}]}}