{"id":495,"date":"2025-01-31T08:32:10","date_gmt":"2025-01-31T07:32:10","guid":{"rendered":"https:\/\/divainers.com\/producto\/divain-898\/"},"modified":"2026-04-30T16:23:37","modified_gmt":"2026-04-30T14:23:37","slug":"divain-898","status":"publish","type":"product","link":"https:\/\/divainers.com\/it\/producto\/divain-898\/","title":{"rendered":"divain.898"},"content":{"rendered":"<p>V\u016fn\u011b, kter\u00e1 zachycuje podstatu nejvzne\u0161en\u011bj\u0161\u00ed \u017eenskosti, spojuj\u00edc\u00ed kv\u011btinovou eleganci s teplou intenzitou vz\u00e1cn\u00e9ho d\u0159eva. Ji\u017e p\u0159i prvn\u00edm n\u00e1dechu poc\u00edt\u00edte sv\u011b\u017e\u00ed explozi citrus\u016f, kter\u00e1 se prol\u00edn\u00e1 s jemn\u00fdmi kv\u011btinov\u00fdmi t\u00f3ny jasm\u00ednu a r\u016f\u017ee, vytv\u00e1\u0159ej\u00edc\u00ed pocit sv\u011btlosti a jemnosti. Jak se v\u016fn\u011b rozv\u00edj\u00ed, objevuj\u00ed se jantarov\u00e9 a d\u0159evit\u00e9 t\u00f3ny s okouzluj\u00edc\u00ed eleganc\u00ed, zat\u00edmco jemn\u00fd n\u00e1dech pi\u017ema dod\u00e1v\u00e1 smysln\u00fd a obaluj\u00edc\u00ed z\u00e1klad. Tato v\u016fn\u011b nab\u00edz\u00ed dokonalou rovnov\u00e1hu mezi sv\u011b\u017eest\u00ed a teplem, zanech\u00e1vaj\u00edc\u00ed sofistikovanou stopu, kter\u00e1 p\u0159etrv\u00e1v\u00e1 po cel\u00fd den a evokuje luxus a vyt\u0159\u00edbenost v ka\u017ed\u00e9 not\u011b.<\/p>\n","protected":false},"excerpt":{"rendered":"<p>P\u0159ipom\u00edn\u00e1 Carmina od Creed<\/p>\n","protected":false},"featured_media":16045,"comment_status":"open","ping_status":"closed","template":"","meta":[],"product_brand":[],"product_cat":[2275],"product_tag":[1452],"class_list":{"0":"post-495","1":"product","2":"type-product","3":"status-publish","4":"has-post-thumbnail","6":"product_cat-creed","7":"product_tag-sievietes","9":"first","10":"instock","11":"shipping-taxable","12":"product-type-simple"},"_links":{"self":[{"href":"https:\/\/divainers.com\/it\/wp-json\/wp\/v2\/product\/495","targetHints":{"allow":["GET"]}}],"collection":[{"href":"https:\/\/divainers.com\/it\/wp-json\/wp\/v2\/product"}],"about":[{"href":"https:\/\/divainers.com\/it\/wp-json\/wp\/v2\/types\/product"}],"replies":[{"embeddable":true,"href":"https:\/\/divainers.com\/it\/wp-json\/wp\/v2\/comments?post=495"}],"wp:featuredmedia":[{"embeddable":true,"href":"https:\/\/divainers.com\/it\/wp-json\/wp\/v2\/media\/16045"}],"wp:attachment":[{"href":"https:\/\/divainers.com\/it\/wp-json\/wp\/v2\/media?parent=495"}],"wp:term":[{"taxonomy":"product_brand","embeddable":true,"href":"https:\/\/divainers.com\/it\/wp-json\/wp\/v2\/product_brand?post=495"},{"taxonomy":"product_cat","embeddable":true,"href":"https:\/\/divainers.com\/it\/wp-json\/wp\/v2\/product_cat?post=495"},{"taxonomy":"product_tag","embeddable":true,"href":"https:\/\/divainers.com\/it\/wp-json\/wp\/v2\/product_tag?post=495"}],"curies":[{"name":"wp","href":"https:\/\/api.w.org\/{rel}","templated":true}]}}