{"id":505,"date":"2025-01-31T08:32:11","date_gmt":"2025-01-31T07:32:11","guid":{"rendered":"https:\/\/divainers.com\/producto\/divain-008\/"},"modified":"2026-03-16T16:07:28","modified_gmt":"2026-03-16T15:07:28","slug":"divain-008","status":"publish","type":"product","link":"https:\/\/divainers.com\/it\/producto\/divain-008\/","title":{"rendered":"divain.008"},"content":{"rendered":"<p>Una fragancia sofisticada y elegante que encarna el lujo y la distinci\u00f3n. Su apertura fresca y c\u00edtrica da paso a un coraz\u00f3n cremoso y envolvente de iris y cacao, que aporta un equilibrio entre refinamiento y calidez. En el fondo, las notas de cuero, vetiver y \u00e1mbar refuerzan su car\u00e1cter seductor y varonil. Un aroma atemporal, perfecto para el hombre moderno que combina carisma y clase en cada detalle.<\/p>\n","protected":false},"excerpt":{"rendered":"<p>Recuerda a Homme de Dior<\/p>\n","protected":false},"featured_media":3438,"comment_status":"open","ping_status":"closed","template":"","meta":[],"product_brand":[],"product_cat":[2396],"product_tag":[1343],"class_list":{"0":"post-505","1":"product","2":"type-product","3":"status-publish","4":"has-post-thumbnail","6":"product_cat-dior","7":"product_tag-hommes","9":"first","10":"instock","11":"shipping-taxable","12":"product-type-simple"},"_links":{"self":[{"href":"https:\/\/divainers.com\/it\/wp-json\/wp\/v2\/product\/505","targetHints":{"allow":["GET"]}}],"collection":[{"href":"https:\/\/divainers.com\/it\/wp-json\/wp\/v2\/product"}],"about":[{"href":"https:\/\/divainers.com\/it\/wp-json\/wp\/v2\/types\/product"}],"replies":[{"embeddable":true,"href":"https:\/\/divainers.com\/it\/wp-json\/wp\/v2\/comments?post=505"}],"wp:featuredmedia":[{"embeddable":true,"href":"https:\/\/divainers.com\/it\/wp-json\/wp\/v2\/media\/3438"}],"wp:attachment":[{"href":"https:\/\/divainers.com\/it\/wp-json\/wp\/v2\/media?parent=505"}],"wp:term":[{"taxonomy":"product_brand","embeddable":true,"href":"https:\/\/divainers.com\/it\/wp-json\/wp\/v2\/product_brand?post=505"},{"taxonomy":"product_cat","embeddable":true,"href":"https:\/\/divainers.com\/it\/wp-json\/wp\/v2\/product_cat?post=505"},{"taxonomy":"product_tag","embeddable":true,"href":"https:\/\/divainers.com\/it\/wp-json\/wp\/v2\/product_tag?post=505"}],"curies":[{"name":"wp","href":"https:\/\/api.w.org\/{rel}","templated":true}]}}