{"id":561,"date":"2025-01-31T08:32:18","date_gmt":"2025-01-31T07:32:18","guid":{"rendered":"https:\/\/divainers.com\/producto\/divain-812\/"},"modified":"2026-03-16T16:07:32","modified_gmt":"2026-03-16T15:07:32","slug":"divain-812","status":"publish","type":"product","link":"https:\/\/divainers.com\/it\/producto\/divain-812\/","title":{"rendered":"divain.812"},"content":{"rendered":"<p>Despierta la frescura tropical y el esp\u00edritu festivo de un para\u00edso lejano, donde la dulzura jugosa de la pi\u00f1a se mezcla con la suavidad cremosa del coco. Esta fragancia evoca sensaciones veraniegas, vibrantes y alegres, ideales para quienes buscan un aroma divertido, ligero y lleno de energ\u00eda positiva.<\/p>\n","protected":false},"excerpt":{"rendered":"<p>Recuerda a Pina Colada de divain.\u00ae Monofragancias<\/p>\n","protected":false},"featured_media":3972,"comment_status":"open","ping_status":"closed","template":"","meta":[],"product_brand":[],"product_cat":[2445],"product_tag":[1389],"class_list":{"0":"post-561","1":"product","2":"type-product","3":"status-publish","4":"has-post-thumbnail","6":"product_cat-divain-monofragancias","7":"product_tag-unisex","9":"first","10":"instock","11":"shipping-taxable","12":"product-type-simple"},"_links":{"self":[{"href":"https:\/\/divainers.com\/it\/wp-json\/wp\/v2\/product\/561","targetHints":{"allow":["GET"]}}],"collection":[{"href":"https:\/\/divainers.com\/it\/wp-json\/wp\/v2\/product"}],"about":[{"href":"https:\/\/divainers.com\/it\/wp-json\/wp\/v2\/types\/product"}],"replies":[{"embeddable":true,"href":"https:\/\/divainers.com\/it\/wp-json\/wp\/v2\/comments?post=561"}],"wp:featuredmedia":[{"embeddable":true,"href":"https:\/\/divainers.com\/it\/wp-json\/wp\/v2\/media\/3972"}],"wp:attachment":[{"href":"https:\/\/divainers.com\/it\/wp-json\/wp\/v2\/media?parent=561"}],"wp:term":[{"taxonomy":"product_brand","embeddable":true,"href":"https:\/\/divainers.com\/it\/wp-json\/wp\/v2\/product_brand?post=561"},{"taxonomy":"product_cat","embeddable":true,"href":"https:\/\/divainers.com\/it\/wp-json\/wp\/v2\/product_cat?post=561"},{"taxonomy":"product_tag","embeddable":true,"href":"https:\/\/divainers.com\/it\/wp-json\/wp\/v2\/product_tag?post=561"}],"curies":[{"name":"wp","href":"https:\/\/api.w.org\/{rel}","templated":true}]}}