{"id":587,"date":"2025-01-31T08:32:21","date_gmt":"2025-01-31T07:32:21","guid":{"rendered":"https:\/\/divainers.com\/producto\/divain-243\/"},"modified":"2026-03-16T16:07:34","modified_gmt":"2026-03-16T15:07:34","slug":"divain-243","status":"publish","type":"product","link":"https:\/\/divainers.com\/it\/producto\/divain-243\/","title":{"rendered":"divain.243"},"content":{"rendered":"<p>Una fragancia intensa y vibrante que encapsula la energ\u00eda y el carisma de un hombre moderno y seguro de s\u00ed mismo. Su apertura fresca y chispeante mezcla c\u00edtricos como la mandarina y la bergamota, con un toque de pimienta, creando una sensaci\u00f3n energ\u00e9tica y revitalizante. El coraz\u00f3n se llena de un c\u00e1lido toque de lavanda y geranio, que aporta una suavidad herbal, complementada por un acorde de madera de cedro que se va intensificando con el paso del tiempo. En su fondo, las notas de vetiver, s\u00e1ndalo y el suave dulzor del haba tonka crean una estela masculina, sofisticada y envolvente. Esta fragancia es perfecta para el hombre que quiere transmitir una imagen de poder, elegancia y vitalidad, ideal para cualquier ocasi\u00f3n donde la confianza sea clave.<\/p>\n","protected":false},"excerpt":{"rendered":"<p>Recuerda a K de Dolce &amp; Gabbana<\/p>\n","protected":false},"featured_media":3718,"comment_status":"open","ping_status":"closed","template":"","meta":[],"product_brand":[],"product_cat":[1501],"product_tag":[1362],"class_list":{"0":"post-587","1":"product","2":"type-product","3":"status-publish","4":"has-post-thumbnail","6":"product_cat-dolce-gabbana","7":"product_tag-man","9":"first","10":"instock","11":"shipping-taxable","12":"product-type-simple"},"_links":{"self":[{"href":"https:\/\/divainers.com\/it\/wp-json\/wp\/v2\/product\/587","targetHints":{"allow":["GET"]}}],"collection":[{"href":"https:\/\/divainers.com\/it\/wp-json\/wp\/v2\/product"}],"about":[{"href":"https:\/\/divainers.com\/it\/wp-json\/wp\/v2\/types\/product"}],"replies":[{"embeddable":true,"href":"https:\/\/divainers.com\/it\/wp-json\/wp\/v2\/comments?post=587"}],"wp:featuredmedia":[{"embeddable":true,"href":"https:\/\/divainers.com\/it\/wp-json\/wp\/v2\/media\/3718"}],"wp:attachment":[{"href":"https:\/\/divainers.com\/it\/wp-json\/wp\/v2\/media?parent=587"}],"wp:term":[{"taxonomy":"product_brand","embeddable":true,"href":"https:\/\/divainers.com\/it\/wp-json\/wp\/v2\/product_brand?post=587"},{"taxonomy":"product_cat","embeddable":true,"href":"https:\/\/divainers.com\/it\/wp-json\/wp\/v2\/product_cat?post=587"},{"taxonomy":"product_tag","embeddable":true,"href":"https:\/\/divainers.com\/it\/wp-json\/wp\/v2\/product_tag?post=587"}],"curies":[{"name":"wp","href":"https:\/\/api.w.org\/{rel}","templated":true}]}}