{"id":603,"date":"2025-01-31T08:32:23","date_gmt":"2025-01-31T07:32:23","guid":{"rendered":"https:\/\/divainers.com\/producto\/divain-530\/"},"modified":"2026-03-16T16:07:35","modified_gmt":"2026-03-16T15:07:35","slug":"divain-530","status":"publish","type":"product","link":"https:\/\/divainers.com\/it\/producto\/divain-530\/","title":{"rendered":"divain.530"},"content":{"rendered":"<p>Un aroma delicado y sofisticado que evoca una sensaci\u00f3n de frescura floral con un toque de dulzura suave y elegante. Desde la apertura, una combinaci\u00f3n fresca de peras jugosas y rosas cremosas despierta los sentidos con una dulzura luminosa y femenina. En su coraz\u00f3n, un bouquet de rosa de dama y flor de almendro aporta una suavidad floral, envolvente y aterciopelada. Finalmente, un fondo c\u00e1lido de s\u00e1ndalo y almizcle deja una estela suave, c\u00e1lida y reconfortante. Un perfume ideal para quienes buscan una fragancia floral, dulce y delicada, perfecta para un toque de elegancia cotidiana.<\/p>\n","protected":false},"excerpt":{"rendered":"<p>Recuerda a Especially de Escada<\/p>\n","protected":false},"featured_media":2936,"comment_status":"open","ping_status":"closed","template":"","meta":[],"product_brand":[],"product_cat":[344],"product_tag":[1422],"class_list":{"0":"post-603","1":"product","2":"type-product","3":"status-publish","4":"has-post-thumbnail","6":"product_cat-escada","7":"product_tag-vrouwen","9":"first","10":"instock","11":"shipping-taxable","12":"product-type-simple"},"_links":{"self":[{"href":"https:\/\/divainers.com\/it\/wp-json\/wp\/v2\/product\/603","targetHints":{"allow":["GET"]}}],"collection":[{"href":"https:\/\/divainers.com\/it\/wp-json\/wp\/v2\/product"}],"about":[{"href":"https:\/\/divainers.com\/it\/wp-json\/wp\/v2\/types\/product"}],"replies":[{"embeddable":true,"href":"https:\/\/divainers.com\/it\/wp-json\/wp\/v2\/comments?post=603"}],"wp:featuredmedia":[{"embeddable":true,"href":"https:\/\/divainers.com\/it\/wp-json\/wp\/v2\/media\/2936"}],"wp:attachment":[{"href":"https:\/\/divainers.com\/it\/wp-json\/wp\/v2\/media?parent=603"}],"wp:term":[{"taxonomy":"product_brand","embeddable":true,"href":"https:\/\/divainers.com\/it\/wp-json\/wp\/v2\/product_brand?post=603"},{"taxonomy":"product_cat","embeddable":true,"href":"https:\/\/divainers.com\/it\/wp-json\/wp\/v2\/product_cat?post=603"},{"taxonomy":"product_tag","embeddable":true,"href":"https:\/\/divainers.com\/it\/wp-json\/wp\/v2\/product_tag?post=603"}],"curies":[{"name":"wp","href":"https:\/\/api.w.org\/{rel}","templated":true}]}}