{"id":616,"date":"2025-01-31T08:32:24","date_gmt":"2025-01-31T07:32:24","guid":{"rendered":"https:\/\/divainers.com\/producto\/divain-878\/"},"modified":"2026-03-16T16:07:36","modified_gmt":"2026-03-16T15:07:36","slug":"divain-878","status":"publish","type":"product","link":"https:\/\/divainers.com\/it\/producto\/divain-878\/","title":{"rendered":"divain.878"},"content":{"rendered":"<p>\u200b<span class=\"relative -mx-px my-[-0.2rem] rounded px-px py-[0.2rem]\">Imagina una fragancia que combina la frescura de la bergamota, el lichi y el melocot\u00f3n en una apertura afrutada y vibrante.<\/span> <span class=\"relative -mx-px my-[-0.2rem] rounded px-px py-[0.2rem]\">En el coraz\u00f3n, una mezcla de jazm\u00edn, peon\u00eda y flor de azahar a\u00f1ade una elegancia floral sofisticada.<\/span> <span class=\"relative -mx-px my-[-0.2rem] rounded px-px py-[0.2rem]\">La base de almizcle, musgo y notas amaderadas proporciona una profundidad c\u00e1lida y envolvente, creando una experiencia olfativa equilibrada y seductora.<\/span><\/p>\n","protected":false},"excerpt":{"rendered":"<p>Recuerda a Fleur Narcotique de Ex Nihilo<\/p>\n","protected":false},"featured_media":3154,"comment_status":"open","ping_status":"closed","template":"","meta":[],"product_brand":[],"product_cat":[367],"product_tag":[1404],"class_list":{"0":"post-616","1":"product","2":"type-product","3":"status-publish","4":"has-post-thumbnail","6":"product_cat-ex-nihilo","7":"product_tag-unisex","9":"first","10":"instock","11":"shipping-taxable","12":"product-type-simple"},"_links":{"self":[{"href":"https:\/\/divainers.com\/it\/wp-json\/wp\/v2\/product\/616","targetHints":{"allow":["GET"]}}],"collection":[{"href":"https:\/\/divainers.com\/it\/wp-json\/wp\/v2\/product"}],"about":[{"href":"https:\/\/divainers.com\/it\/wp-json\/wp\/v2\/types\/product"}],"replies":[{"embeddable":true,"href":"https:\/\/divainers.com\/it\/wp-json\/wp\/v2\/comments?post=616"}],"wp:featuredmedia":[{"embeddable":true,"href":"https:\/\/divainers.com\/it\/wp-json\/wp\/v2\/media\/3154"}],"wp:attachment":[{"href":"https:\/\/divainers.com\/it\/wp-json\/wp\/v2\/media?parent=616"}],"wp:term":[{"taxonomy":"product_brand","embeddable":true,"href":"https:\/\/divainers.com\/it\/wp-json\/wp\/v2\/product_brand?post=616"},{"taxonomy":"product_cat","embeddable":true,"href":"https:\/\/divainers.com\/it\/wp-json\/wp\/v2\/product_cat?post=616"},{"taxonomy":"product_tag","embeddable":true,"href":"https:\/\/divainers.com\/it\/wp-json\/wp\/v2\/product_tag?post=616"}],"curies":[{"name":"wp","href":"https:\/\/api.w.org\/{rel}","templated":true}]}}