{"id":630,"date":"2025-01-31T08:32:26","date_gmt":"2025-01-31T07:32:26","guid":{"rendered":"https:\/\/divainers.com\/producto\/divain-099\/"},"modified":"2026-03-16T16:07:37","modified_gmt":"2026-03-16T15:07:37","slug":"divain-099","status":"publish","type":"product","link":"https:\/\/divainers.com\/it\/producto\/divain-099\/","title":{"rendered":"divain.099"},"content":{"rendered":"<p>Un aroma sofisticado y deslumbrante que brilla con una feminidad moderna y envolvente. Su apertura chispeante de lichi y frambuesa aporta un toque afrutado y jugoso, lleno de frescura. En el coraz\u00f3n, la rosa y el fresia crean un bouquet floral elegante y sensual. En el fondo, el \u00e1mbar, la vainilla y el patchouli dejan una estela c\u00e1lida y adictiva, perfecta para la mujer segura de s\u00ed misma, sofisticada y con un encanto natural que cautiva a su paso.<\/p>\n","protected":false},"excerpt":{"rendered":"<p>Recuerda a Emporio Armani Diamonds de Giorgio Armani<\/p>\n","protected":false},"featured_media":3603,"comment_status":"open","ping_status":"closed","template":"","meta":[],"product_brand":[],"product_cat":[381],"product_tag":[1424],"class_list":{"0":"post-630","1":"product","2":"type-product","3":"status-publish","4":"has-post-thumbnail","6":"product_cat-giorgio-armani","7":"product_tag-femmes","9":"first","10":"instock","11":"shipping-taxable","12":"product-type-simple"},"_links":{"self":[{"href":"https:\/\/divainers.com\/it\/wp-json\/wp\/v2\/product\/630","targetHints":{"allow":["GET"]}}],"collection":[{"href":"https:\/\/divainers.com\/it\/wp-json\/wp\/v2\/product"}],"about":[{"href":"https:\/\/divainers.com\/it\/wp-json\/wp\/v2\/types\/product"}],"replies":[{"embeddable":true,"href":"https:\/\/divainers.com\/it\/wp-json\/wp\/v2\/comments?post=630"}],"wp:featuredmedia":[{"embeddable":true,"href":"https:\/\/divainers.com\/it\/wp-json\/wp\/v2\/media\/3603"}],"wp:attachment":[{"href":"https:\/\/divainers.com\/it\/wp-json\/wp\/v2\/media?parent=630"}],"wp:term":[{"taxonomy":"product_brand","embeddable":true,"href":"https:\/\/divainers.com\/it\/wp-json\/wp\/v2\/product_brand?post=630"},{"taxonomy":"product_cat","embeddable":true,"href":"https:\/\/divainers.com\/it\/wp-json\/wp\/v2\/product_cat?post=630"},{"taxonomy":"product_tag","embeddable":true,"href":"https:\/\/divainers.com\/it\/wp-json\/wp\/v2\/product_tag?post=630"}],"curies":[{"name":"wp","href":"https:\/\/api.w.org\/{rel}","templated":true}]}}