{"id":6340,"date":"2026-02-23T16:24:34","date_gmt":"2026-02-23T15:24:34","guid":{"rendered":"https:\/\/divainers.com\/producto\/divain-1086\/"},"modified":"2026-04-30T09:42:22","modified_gmt":"2026-04-30T07:42:22","slug":"divain-1086","status":"publish","type":"product","link":"https:\/\/divainers.com\/it\/producto\/divain-1086\/","title":{"rendered":"divain.1086"},"content":{"rendered":"<p>Evoca una passione intensa ed elegante, con un carattere vibrante che trasmette forza, arte e sensualit\u00e0. \u00c8 una fragranza profonda e avvolgente, perfetta per chi cerca un aroma espressivo, sofisticato e pieno di personalit\u00e0.<\/p>\n","protected":false},"excerpt":{"rendered":"<p>Ricorda Flamenco Extrait de Parfum Ram\u00f3n Monegal<\/p>\n","protected":false},"featured_media":5274,"comment_status":"open","ping_status":"closed","template":"","meta":[],"product_brand":[],"product_cat":[4227],"product_tag":[1424],"class_list":{"0":"post-6340","1":"product","2":"type-product","3":"status-publish","4":"has-post-thumbnail","6":"product_cat-ramon-monegal","7":"product_tag-femmes","9":"first","10":"instock","11":"shipping-taxable","12":"product-type-simple"},"_links":{"self":[{"href":"https:\/\/divainers.com\/it\/wp-json\/wp\/v2\/product\/6340","targetHints":{"allow":["GET"]}}],"collection":[{"href":"https:\/\/divainers.com\/it\/wp-json\/wp\/v2\/product"}],"about":[{"href":"https:\/\/divainers.com\/it\/wp-json\/wp\/v2\/types\/product"}],"replies":[{"embeddable":true,"href":"https:\/\/divainers.com\/it\/wp-json\/wp\/v2\/comments?post=6340"}],"wp:featuredmedia":[{"embeddable":true,"href":"https:\/\/divainers.com\/it\/wp-json\/wp\/v2\/media\/5274"}],"wp:attachment":[{"href":"https:\/\/divainers.com\/it\/wp-json\/wp\/v2\/media?parent=6340"}],"wp:term":[{"taxonomy":"product_brand","embeddable":true,"href":"https:\/\/divainers.com\/it\/wp-json\/wp\/v2\/product_brand?post=6340"},{"taxonomy":"product_cat","embeddable":true,"href":"https:\/\/divainers.com\/it\/wp-json\/wp\/v2\/product_cat?post=6340"},{"taxonomy":"product_tag","embeddable":true,"href":"https:\/\/divainers.com\/it\/wp-json\/wp\/v2\/product_tag?post=6340"}],"curies":[{"name":"wp","href":"https:\/\/api.w.org\/{rel}","templated":true}]}}