{"id":673,"date":"2025-01-31T08:32:32","date_gmt":"2025-01-31T07:32:32","guid":{"rendered":"https:\/\/divainers.com\/producto\/divain-328\/"},"modified":"2026-03-16T16:07:41","modified_gmt":"2026-03-16T15:07:41","slug":"divain-328","status":"publish","type":"product","link":"https:\/\/divainers.com\/it\/producto\/divain-328\/","title":{"rendered":"divain.328"},"content":{"rendered":"<p>Un aroma sofisticado y moderno con una combinaci\u00f3n envolvente de notas amaderadas y dulces. La presencia del cipr\u00e9s y el pachul\u00ed le otorgan un car\u00e1cter profundo y elegante, mientras que la miel a\u00f1ade un toque c\u00e1lido y seductor. Una fragancia intensa y carism\u00e1tica, perfecta para quienes buscan dejar una impresi\u00f3n inolvidable.<\/p>\n","protected":false},"excerpt":{"rendered":"<p>Recuerda a Gucci by Gucci de Gucci<\/p>\n","protected":false},"featured_media":4258,"comment_status":"open","ping_status":"closed","template":"","meta":[],"product_brand":[],"product_cat":[426],"product_tag":[25],"class_list":{"0":"post-673","1":"product","2":"type-product","3":"status-publish","4":"has-post-thumbnail","6":"product_cat-gucci","7":"product_tag-hombre","9":"first","10":"instock","11":"shipping-taxable","12":"product-type-simple"},"_links":{"self":[{"href":"https:\/\/divainers.com\/it\/wp-json\/wp\/v2\/product\/673","targetHints":{"allow":["GET"]}}],"collection":[{"href":"https:\/\/divainers.com\/it\/wp-json\/wp\/v2\/product"}],"about":[{"href":"https:\/\/divainers.com\/it\/wp-json\/wp\/v2\/types\/product"}],"replies":[{"embeddable":true,"href":"https:\/\/divainers.com\/it\/wp-json\/wp\/v2\/comments?post=673"}],"wp:featuredmedia":[{"embeddable":true,"href":"https:\/\/divainers.com\/it\/wp-json\/wp\/v2\/media\/4258"}],"wp:attachment":[{"href":"https:\/\/divainers.com\/it\/wp-json\/wp\/v2\/media?parent=673"}],"wp:term":[{"taxonomy":"product_brand","embeddable":true,"href":"https:\/\/divainers.com\/it\/wp-json\/wp\/v2\/product_brand?post=673"},{"taxonomy":"product_cat","embeddable":true,"href":"https:\/\/divainers.com\/it\/wp-json\/wp\/v2\/product_cat?post=673"},{"taxonomy":"product_tag","embeddable":true,"href":"https:\/\/divainers.com\/it\/wp-json\/wp\/v2\/product_tag?post=673"}],"curies":[{"name":"wp","href":"https:\/\/api.w.org\/{rel}","templated":true}]}}