{"id":874,"date":"2025-01-31T08:32:56","date_gmt":"2025-01-31T07:32:56","guid":{"rendered":"https:\/\/divainers.com\/producto\/divain-325\/"},"modified":"2026-03-16T16:08:00","modified_gmt":"2026-03-16T15:08:00","slug":"divain-325","status":"publish","type":"product","link":"https:\/\/divainers.com\/it\/producto\/divain-325\/","title":{"rendered":"divain.325"},"content":{"rendered":"<p>Una fragancia vibrante y din\u00e1mica que evoca la sensaci\u00f3n de un viaje por carreteras infinitas. Las notas c\u00edtricas de lim\u00f3n siciliano aportan frescura chispeante, mientras que el cedro y el bergamota crean una base arom\u00e1tica amaderada con un car\u00e1cter elegante y limpio. Un toque de nuez moscada a\u00f1ade un matiz especiado, equilibrando la composici\u00f3n con sofisticaci\u00f3n y energ\u00eda.<\/p>\n","protected":false},"excerpt":{"rendered":"<p>Recuerda a Sur la Route de Louis Vuitton<\/p>\n","protected":false},"featured_media":3782,"comment_status":"open","ping_status":"closed","template":"","meta":[],"product_brand":[],"product_cat":[651],"product_tag":[1344],"class_list":{"0":"post-874","1":"product","2":"type-product","3":"status-publish","4":"has-post-thumbnail","6":"product_cat-louis-vuitton","7":"product_tag-miehet","9":"first","10":"instock","11":"shipping-taxable","12":"product-type-simple"},"_links":{"self":[{"href":"https:\/\/divainers.com\/it\/wp-json\/wp\/v2\/product\/874","targetHints":{"allow":["GET"]}}],"collection":[{"href":"https:\/\/divainers.com\/it\/wp-json\/wp\/v2\/product"}],"about":[{"href":"https:\/\/divainers.com\/it\/wp-json\/wp\/v2\/types\/product"}],"replies":[{"embeddable":true,"href":"https:\/\/divainers.com\/it\/wp-json\/wp\/v2\/comments?post=874"}],"wp:featuredmedia":[{"embeddable":true,"href":"https:\/\/divainers.com\/it\/wp-json\/wp\/v2\/media\/3782"}],"wp:attachment":[{"href":"https:\/\/divainers.com\/it\/wp-json\/wp\/v2\/media?parent=874"}],"wp:term":[{"taxonomy":"product_brand","embeddable":true,"href":"https:\/\/divainers.com\/it\/wp-json\/wp\/v2\/product_brand?post=874"},{"taxonomy":"product_cat","embeddable":true,"href":"https:\/\/divainers.com\/it\/wp-json\/wp\/v2\/product_cat?post=874"},{"taxonomy":"product_tag","embeddable":true,"href":"https:\/\/divainers.com\/it\/wp-json\/wp\/v2\/product_tag?post=874"}],"curies":[{"name":"wp","href":"https:\/\/api.w.org\/{rel}","templated":true}]}}