{"id":900,"date":"2025-01-31T08:33:00","date_gmt":"2025-01-31T07:33:00","guid":{"rendered":"https:\/\/divainers.com\/producto\/divain-854\/"},"modified":"2026-03-16T16:08:02","modified_gmt":"2026-03-16T15:08:02","slug":"divain-854","status":"publish","type":"product","link":"https:\/\/divainers.com\/it\/producto\/divain-854\/","title":{"rendered":"divain.854"},"content":{"rendered":"<p>\u200b<span class=\"relative -mx-px my-[-0.2rem] rounded px-px py-[0.2rem]\">Esta fragancia unisex combina notas de \u00e1mbar blanco, flor de azahar y b\u00e1lsamo de Per\u00fa, creando una esencia c\u00e1lida y envolvente.<\/span> <span class=\"relative -mx-px my-[-0.2rem] rounded px-px py-[0.2rem]\">Seg\u00fan rese\u00f1as, se perciben acordes de \u00e1mbar efervescente, maderas, c\u00edtricos y flor de azahar, con una base de s\u00e1ndalo y almizcle blanco que aportan profundidad y suavidad.<\/span> <span class=\"relative -mx-px my-[-0.2rem] rounded px-px py-[0.2rem]\">Ideal para quienes buscan una fragancia sofisticada y reconfortante.<\/span>\u200b<\/p>\n","protected":false},"excerpt":{"rendered":"<p>Recuerda a Stellar Times de Louis Vuitton<\/p>\n","protected":false},"featured_media":3132,"comment_status":"open","ping_status":"closed","template":"","meta":[],"product_brand":[],"product_cat":[651],"product_tag":[1387],"class_list":{"0":"post-900","1":"product","2":"type-product","3":"status-publish","4":"has-post-thumbnail","6":"product_cat-louis-vuitton","7":"product_tag-unisex","9":"first","10":"instock","11":"shipping-taxable","12":"product-type-simple"},"_links":{"self":[{"href":"https:\/\/divainers.com\/it\/wp-json\/wp\/v2\/product\/900","targetHints":{"allow":["GET"]}}],"collection":[{"href":"https:\/\/divainers.com\/it\/wp-json\/wp\/v2\/product"}],"about":[{"href":"https:\/\/divainers.com\/it\/wp-json\/wp\/v2\/types\/product"}],"replies":[{"embeddable":true,"href":"https:\/\/divainers.com\/it\/wp-json\/wp\/v2\/comments?post=900"}],"wp:featuredmedia":[{"embeddable":true,"href":"https:\/\/divainers.com\/it\/wp-json\/wp\/v2\/media\/3132"}],"wp:attachment":[{"href":"https:\/\/divainers.com\/it\/wp-json\/wp\/v2\/media?parent=900"}],"wp:term":[{"taxonomy":"product_brand","embeddable":true,"href":"https:\/\/divainers.com\/it\/wp-json\/wp\/v2\/product_brand?post=900"},{"taxonomy":"product_cat","embeddable":true,"href":"https:\/\/divainers.com\/it\/wp-json\/wp\/v2\/product_cat?post=900"},{"taxonomy":"product_tag","embeddable":true,"href":"https:\/\/divainers.com\/it\/wp-json\/wp\/v2\/product_tag?post=900"}],"curies":[{"name":"wp","href":"https:\/\/api.w.org\/{rel}","templated":true}]}}