{"id":949,"date":"2025-01-31T08:33:08","date_gmt":"2025-01-31T07:33:08","guid":{"rendered":"https:\/\/divainers.com\/producto\/divain-392\/"},"modified":"2026-03-16T16:08:07","modified_gmt":"2026-03-16T15:08:07","slug":"divain-392","status":"publish","type":"product","link":"https:\/\/divainers.com\/it\/producto\/divain-392\/","title":{"rendered":"divain.392"},"content":{"rendered":"<p>Una combinaci\u00f3n aventurera y sofisticada donde la frescura vibrante de la bergamota se fusiona con el car\u00e1cter terroso del vetiver y la profundidad envolvente del pachul\u00ed. Un aroma vers\u00e1til y elegante con un toque moderno y audaz.<\/p>\n","protected":false},"excerpt":{"rendered":"<p>Recuerda a Explorer de Montblanc<\/p>\n","protected":false},"featured_media":3569,"comment_status":"open","ping_status":"closed","template":"","meta":[],"product_brand":[],"product_cat":[737],"product_tag":[1368],"class_list":{"0":"post-949","1":"product","2":"type-product","3":"status-publish","4":"has-post-thumbnail","6":"product_cat-montblanc","7":"product_tag-viriesi","9":"first","10":"instock","11":"shipping-taxable","12":"product-type-simple"},"_links":{"self":[{"href":"https:\/\/divainers.com\/it\/wp-json\/wp\/v2\/product\/949","targetHints":{"allow":["GET"]}}],"collection":[{"href":"https:\/\/divainers.com\/it\/wp-json\/wp\/v2\/product"}],"about":[{"href":"https:\/\/divainers.com\/it\/wp-json\/wp\/v2\/types\/product"}],"replies":[{"embeddable":true,"href":"https:\/\/divainers.com\/it\/wp-json\/wp\/v2\/comments?post=949"}],"wp:featuredmedia":[{"embeddable":true,"href":"https:\/\/divainers.com\/it\/wp-json\/wp\/v2\/media\/3569"}],"wp:attachment":[{"href":"https:\/\/divainers.com\/it\/wp-json\/wp\/v2\/media?parent=949"}],"wp:term":[{"taxonomy":"product_brand","embeddable":true,"href":"https:\/\/divainers.com\/it\/wp-json\/wp\/v2\/product_brand?post=949"},{"taxonomy":"product_cat","embeddable":true,"href":"https:\/\/divainers.com\/it\/wp-json\/wp\/v2\/product_cat?post=949"},{"taxonomy":"product_tag","embeddable":true,"href":"https:\/\/divainers.com\/it\/wp-json\/wp\/v2\/product_tag?post=949"}],"curies":[{"name":"wp","href":"https:\/\/api.w.org\/{rel}","templated":true}]}}