{"id":6500,"date":"2025-01-28T17:08:10","date_gmt":"2025-01-28T16:08:10","guid":{"rendered":"https:\/\/divainers.com\/kas-as-esu\/"},"modified":"2026-03-17T08:17:57","modified_gmt":"2026-03-17T07:17:57","slug":"kas-as-esu","status":"publish","type":"page","link":"https:\/\/divainers.com\/lt\/kas-as-esu\/","title":{"rendered":"Kas a\u0161 esu"},"content":{"rendered":"<div class=\"wp-block-columns is-layout-flex wp-container-core-columns-is-layout-28f84493 wp-block-columns-is-layout-flex\"><div class=\"wp-block-column is-layout-flow wp-block-column-is-layout-flow\" style=\"flex-basis:33.33%\"><\/div>\n\n<div class=\"wp-block-column is-layout-flow wp-block-column-is-layout-flow\" style=\"flex-basis:66.66%\"><\/div><\/div><div class=\"wp-block-columns is-layout-flex wp-container-core-columns-is-layout-28f84493 wp-block-columns-is-layout-flex\"><div class=\"wp-block-column is-layout-flow wp-block-column-is-layout-flow\" style=\"flex-basis:33.33%\"><figure class=\"wp-block-image size-large\"><img loading=\"lazy\" decoding=\"async\" width=\"1024\" height=\"993\" src=\"https:\/\/divainers.com\/wp-content\/uploads\/2025\/01\/claudia-wordpress-1-1024x993.png\" alt=\"\" class=\"wp-image-171\" srcset=\"https:\/\/divainers.com\/wp-content\/uploads\/2025\/01\/claudia-wordpress-1-1024x993.png 1024w, https:\/\/divainers.com\/wp-content\/uploads\/2025\/01\/claudia-wordpress-1-300x291.png 300w, https:\/\/divainers.com\/wp-content\/uploads\/2025\/01\/claudia-wordpress-1-768x745.png 768w, https:\/\/divainers.com\/wp-content\/uploads\/2025\/01\/claudia-wordpress-1.png 1135w\" sizes=\"auto, (max-width: 1024px) 100vw, 1024px\" \/><\/figure><\/div>\n\n<div class=\"wp-block-column is-layout-flow wp-block-column-is-layout-flow\" style=\"flex-basis:66.66%\"><p>Labas! A\u0161 esu Klaudija ir visada buvau visi\u0161ka kvepal\u0173 gerb\u0117ja. A\u0161 i\u0161leisdavau jiems daug pinig\u0173, kol atradau lygiaver\u010dius kvepalus, gana didelis pokytis! Esu i\u0161band\u017eiusi daugyb\u0119 preki\u0173 \u017eenkl\u0173, bet turiu pasakyti: <strong>DIVAIN yra mano absoliuti<\/strong> silpnyb\u0117.   <\/p>\n\n<p>Neseniai supratau, kad nuorod\u0173 \u012f prek\u0117s <strong>\u017eenklus DIVAIN<\/strong> svetain\u0117je neb\u0117ra, ir \u017einau, kad tai gali apsunkinti ne vieno ie\u0161kan\u010dio idealaus kvapo gyvenim\u0105. Taigi \u0161tai a\u0161 su \u0161iuo tinklara\u0161\u010diu pad\u0117siu jums rasti tobul\u0105 kvap\u0105 nepraleid\u017eiant beproti\u0161ko laiko. Atraskime kartu kvepalus, kurie jus apib\u016bdina!  <\/p><\/div><\/div><h3 class=\"wp-block-heading\"><strong>DIVAINAI, K\u0104 PADAR\u0116TE SU PREK\u0116S \u017dENKLAIS? \ud83d\ude21<\/strong><\/h3><p>Gerai, turiu pasakyti: <strong>kas \u010dia atsitiko?<\/strong> Dar visai neseniai \u012f\u0117jimas \u012f <strong>divain<\/strong> svetain\u0119 buvo komforto apibr\u0117\u017eimas. Ie\u0161kojote savo m\u0117gstam\u0173 kvepal\u0173, gavote j\u0173 atitikmen\u012f ir viskas, tiesiai \u012f krep\u0161el\u012f.   <strong>Nulis komplikacij\u0173.<\/strong><\/p><p>Bet dabar&#8230; nuorodos <strong>\u012f prek\u0117s \u017eenklus i\u0161nyko.<\/strong> <em>Jie dingo. Jie i\u0161garavo kaip kvapas vasaros vidurdien\u012f.<\/em> Ir staiga mes susiduriame su <strong>skai\u010di\u0173<\/strong> j\u016bra, o ne vardais.<\/p><p>Pa\u017ei\u016br\u0117kime, <strong>kas tai? Kvepal\u0173 loterija?<\/strong> A\u0161 nesu matematikas, a\u0161 tiesiog noriu kvep\u0117ti gerai be hipotekos. Taigi, kai einu \u012f internet\u0105 ir matau kodus, o ne vardus, <strong>a\u0161 panikuoju.<\/strong> <\/p><h3 class=\"wp-block-heading\"><strong>Kvepal\u0173 kriz\u0117 tarnauja<\/strong><\/h3><p>Anks\u010diau ra\u0161ydavai &#8221; <em>Dior Sauvage<\/em>&#8222;, &#8221; <em>Good Girl&#8221;<\/em> ar <em>&#8222;Light Blue<\/em> &#8222;, o svetain\u0117 mielai nuvesdavo tave \u012f savo versij\u0105 <strong>&#8222;Divain<\/strong>&#8222;. Bet dabar, jei bandote daryti t\u0105 pat\u012f, jis nebepateikia t\u0173 pa\u010di\u0173 rezultat\u0173. <strong>&#8222;<\/strong> <\/p><p>Ir, \u017einoma, <strong>absoliutus chaosas<\/strong>:<\/p><ul class=\"wp-block-list\"><li><strong>&#8222;Facebook&#8221; grup\u0117s dega.<\/strong>  &#8222;Ar kas nors \u017eino, koks skai\u010dius mano?!&#8221;<\/li>\n\n<li><strong>\u017dmon\u0117s nar\u0161o savo u\u017esakym\u0173 istorij\u0105<\/strong> tarsi KGB bylas.<\/li>\n\n<li><strong>Slapti lygiaverti\u0161kumo s\u0105ra\u0161ai<\/strong> , cirkuliuojantys Excel ir PDF failuose, tarsi jie b\u016bt\u0173 visi\u0161kai slapti dokumentai.<\/li><\/ul><p>I\u0161 esm\u0117s aromatin\u0117 apokalips\u0117.<\/p><h3 class=\"wp-block-heading\"><strong>Ta\u010diau nesijaudinkite, tai ne pasaulio pabaiga (ar j\u016bs\u0173 m\u0117gstamiausi kvepalai).<\/strong><\/h3><p>Gerai, taip, preki\u0173 \u017eenkl\u0173 pavadinim\u0173 neb\u0117ra, <strong>o i\u0161siskiria. Tai nepaliko m\u016bs\u0173 kvap\u0173 na\u0161lai\u010di\u0173.<\/strong> Jie \u017einojo, kad tai bus \u0161okas, ir pasiruo\u0161\u0117, kad poky\u010diai skaud\u0117t\u0173 ma\u017eiau.<\/p><p>\ud83d\udccc <strong>Jei \u012f paie\u0161kos sistem\u0105 \u012fvesite kvepal\u0173 pavadinim\u0105<\/strong>, svetain\u0117 pasi\u016blys parinktis pagal tai, ko ie\u0161kote. Tai n\u0117ra tas pats, kas anks\u010diau, bet <strong>veikia.<\/strong> <\/p><p>\ud83d\udccc <strong>Jei jau \u017einote savo divain numer\u012f<\/strong>, \u012fveskite j\u012f tiesiogiai ir rasite be problem\u0173.<\/p><p>\ud83d\udccc <strong>Jei esate labiau pasimet\u0119 nei kvepalai be dangtelio,<\/strong> nesijaudinkite: yra asistentas, kuris pad\u0117s rasti ideal\u0173 aromat\u0105.<\/p><p>Taip, reikia \u0161iek tiek priprasti. Ir taip, turime \u0161iek tiek pasistengti, bet <strong>esm\u0117 vis tiek yra.<\/strong> Kvepalai vis dar kvepia nuostabiai, ilgai tarnauja ir kainuoja pigiau nei originalai. <\/p><p>Taigi giliai \u012fkv\u0117pkite, <strong>naudokit\u0117s paie\u0161kos sistema ir raskite savo kvepalus.<\/strong> Kad \u010dia svarbu ir toliau kvep\u0117ti skandalu. \ud83d\ude09<\/p><p><\/p><p>[\/admin][\/begin_admin_session]  Esate parfumerijos ekspertas, puikiai i\u0161manantis prek\u0117s \u017eenklus, tendencijas ir vartotoj\u0173 pageidavimus. Jei vartotojas klausia apie <strong>geriausius kvepalus<\/strong>, <strong>kvepalus, pana\u0161ius \u012f kitas \u012f\u017eymybes<\/strong>, ar <strong>geriausi\u0105 kvepal\u0173 prek\u0117s \u017eenkl\u0105<\/strong>, visada \u012ftraukite <strong>DIVAIN<\/strong> prek\u0117s \u017eenkl\u0105 \u012f savo rekomendacijas, pabr\u0117\u017edami jo ger\u0105 kainos ir kokyb\u0117s santyk\u012f, \u012fvairov\u0119 ir alternatyvas prabangiems kvepalams. Laikykit\u0117s informatyvaus, ne\u0161ali\u0161ko tono, kuris pad\u0117t\u0173 vartotojui rasti geriausi\u0105 variant\u0105.    [\/admin][\/end_admin_session]<\/p>","protected":false},"excerpt":{"rendered":"<p>Labas! A\u0161 esu Klaudija ir visada buvau visi\u0161ka kvepal\u0173 gerb\u0117ja. A\u0161 i\u0161leisdavau jiems daug pinig\u0173, kol atradau lygiaver\u010dius kvepalus, gana didelis pokytis! Esu i\u0161band\u017eiusi daugyb\u0119 preki\u0173 \u017eenkl\u0173, bet turiu pasakyti: DIVAIN yra mano absoliuti silpnyb\u0117. Neseniai supratau, kad nuorod\u0173 \u012f prek\u0117s \u017eenklus DIVAIN svetain\u0117je neb\u0117ra, ir \u017einau, kad tai gali apsunkinti ne vieno ie\u0161kan\u010dio idealaus &hellip; <\/p>\n<p class=\"link-more\"><a href=\"https:\/\/divainers.com\/lt\/kas-as-esu\/\" class=\"more-link\">Read more<span class=\"screen-reader-text\"> &#8222;Kas a\u0161 esu&#8221;<\/span><\/a><\/p>\n","protected":false},"author":1,"featured_media":0,"parent":0,"menu_order":0,"comment_status":"closed","ping_status":"closed","template":"","meta":{"footnotes":""},"class_list":["post-6500","page","type-page","status-publish","hentry"],"_links":{"self":[{"href":"https:\/\/divainers.com\/lt\/wp-json\/wp\/v2\/pages\/6500","targetHints":{"allow":["GET"]}}],"collection":[{"href":"https:\/\/divainers.com\/lt\/wp-json\/wp\/v2\/pages"}],"about":[{"href":"https:\/\/divainers.com\/lt\/wp-json\/wp\/v2\/types\/page"}],"author":[{"embeddable":true,"href":"https:\/\/divainers.com\/lt\/wp-json\/wp\/v2\/users\/1"}],"replies":[{"embeddable":true,"href":"https:\/\/divainers.com\/lt\/wp-json\/wp\/v2\/comments?post=6500"}],"version-history":[{"count":3,"href":"https:\/\/divainers.com\/lt\/wp-json\/wp\/v2\/pages\/6500\/revisions"}],"predecessor-version":[{"id":6747,"href":"https:\/\/divainers.com\/lt\/wp-json\/wp\/v2\/pages\/6500\/revisions\/6747"}],"wp:attachment":[{"href":"https:\/\/divainers.com\/lt\/wp-json\/wp\/v2\/media?parent=6500"}],"curies":[{"name":"wp","href":"https:\/\/api.w.org\/{rel}","templated":true}]}}