{"id":1047,"date":"2025-01-31T08:33:20","date_gmt":"2025-01-31T07:33:20","guid":{"rendered":"https:\/\/divainers.com\/producto\/divain-326\/"},"modified":"2026-03-16T16:08:16","modified_gmt":"2026-03-16T15:08:16","slug":"divain-326","status":"publish","type":"product","link":"https:\/\/divainers.com\/lt\/producto\/divain-326\/","title":{"rendered":"divain.326"},"content":{"rendered":"<p>Un aroma m\u00edstico y envolvente que transporta a un templo iluminado por incienso humeante. Las notas de salida especiadas y ahumadas se combinan con un coraz\u00f3n de madera de s\u00e1ndalo cremosa, mientras que el fondo resinoso y c\u00e1lido del ol\u00edbano y el benju\u00ed aporta profundidad y espiritualidad. Un equilibrio perfecto entre lo sagrado y lo sofisticado.<\/p>\n","protected":false},"excerpt":{"rendered":"<p>Recuerda a Agarbathi de Penhaligon&#8217;s de Penhaligon&#8217;s<\/p>\n","protected":false},"featured_media":3783,"comment_status":"open","ping_status":"closed","template":"","meta":[],"product_brand":[],"product_cat":[852],"product_tag":[1344],"class_list":{"0":"post-1047","1":"product","2":"type-product","3":"status-publish","4":"has-post-thumbnail","6":"product_cat-penhaligons","7":"product_tag-miehet","9":"first","10":"instock","11":"shipping-taxable","12":"product-type-simple"},"_links":{"self":[{"href":"https:\/\/divainers.com\/lt\/wp-json\/wp\/v2\/product\/1047","targetHints":{"allow":["GET"]}}],"collection":[{"href":"https:\/\/divainers.com\/lt\/wp-json\/wp\/v2\/product"}],"about":[{"href":"https:\/\/divainers.com\/lt\/wp-json\/wp\/v2\/types\/product"}],"replies":[{"embeddable":true,"href":"https:\/\/divainers.com\/lt\/wp-json\/wp\/v2\/comments?post=1047"}],"wp:featuredmedia":[{"embeddable":true,"href":"https:\/\/divainers.com\/lt\/wp-json\/wp\/v2\/media\/3783"}],"wp:attachment":[{"href":"https:\/\/divainers.com\/lt\/wp-json\/wp\/v2\/media?parent=1047"}],"wp:term":[{"taxonomy":"product_brand","embeddable":true,"href":"https:\/\/divainers.com\/lt\/wp-json\/wp\/v2\/product_brand?post=1047"},{"taxonomy":"product_cat","embeddable":true,"href":"https:\/\/divainers.com\/lt\/wp-json\/wp\/v2\/product_cat?post=1047"},{"taxonomy":"product_tag","embeddable":true,"href":"https:\/\/divainers.com\/lt\/wp-json\/wp\/v2\/product_tag?post=1047"}],"curies":[{"name":"wp","href":"https:\/\/api.w.org\/{rel}","templated":true}]}}