{"id":11298,"date":"2025-01-31T08:33:26","date_gmt":"2025-01-31T07:33:26","guid":{"rendered":"https:\/\/divainers.com\/producto\/divain-544\/"},"modified":"2026-04-30T10:50:05","modified_gmt":"2026-04-30T08:50:05","slug":"divain-544","status":"publish","type":"product","link":"https:\/\/divainers.com\/lt\/producto\/divain-544\/","title":{"rendered":"divain.544"},"content":{"rendered":"<p>\u0160velnus ir spindintis kvapas, kuris primena subtil\u0173 eleganti\u0161kum\u0105 ir brangakmenio gaivum\u0105. Nuo pat prad\u017eios \u0161vie\u017ei\u0173 citrus\u0173 ir \u017eali\u0173 lap\u0173 mi\u0161inys pa\u017eadina poj\u016b\u010dius gyvybingu ir gaiviu poj\u016b\u010diu. \u0160irdyje \u2013 g\u0117li\u0173 puok\u0161t\u0117 i\u0161 ro\u017ei\u0173, jazmin\u0173 ir lelijos, suteikianti \u0161velni\u0105 ir rafinuot\u0105 moteri\u0161kum\u0105, o avie\u010di\u0173 prisilietimas prideda lengv\u0105 ir vaisin\u012f saldum\u0105. Galiausiai, muskuso, kedro medienos ir vanil\u0117s pagrindas palieka \u0161ilt\u0105, apgaubiant\u012f ir jausming\u0105 p\u0117dsak\u0105. Ideali kvepal\u0173 kompozicija ie\u0161kantiems gaivaus, g\u0117li\u0173 ir eleganti\u0161ko aromato, puikiai tinkanti kasdienai ar ypatingoms progoms, kupinoms \u0161viesos ir grak\u0161tumo.<\/p>\n","protected":false},"excerpt":{"rendered":"<p>Primena Aura i\u0161 Swarovski<\/p>\n","protected":false},"featured_media":11296,"comment_status":"open","ping_status":"closed","template":"","meta":[],"product_brand":[],"product_cat":[3222],"product_tag":[1448],"class_list":{"0":"post-11298","1":"product","2":"type-product","3":"status-publish","4":"has-post-thumbnail","6":"product_cat-swarovski","7":"product_tag-moterys","9":"first","10":"instock","11":"shipping-taxable","12":"product-type-simple"},"_links":{"self":[{"href":"https:\/\/divainers.com\/lt\/wp-json\/wp\/v2\/product\/11298","targetHints":{"allow":["GET"]}}],"collection":[{"href":"https:\/\/divainers.com\/lt\/wp-json\/wp\/v2\/product"}],"about":[{"href":"https:\/\/divainers.com\/lt\/wp-json\/wp\/v2\/types\/product"}],"replies":[{"embeddable":true,"href":"https:\/\/divainers.com\/lt\/wp-json\/wp\/v2\/comments?post=11298"}],"wp:featuredmedia":[{"embeddable":true,"href":"https:\/\/divainers.com\/lt\/wp-json\/wp\/v2\/media\/11296"}],"wp:attachment":[{"href":"https:\/\/divainers.com\/lt\/wp-json\/wp\/v2\/media?parent=11298"}],"wp:term":[{"taxonomy":"product_brand","embeddable":true,"href":"https:\/\/divainers.com\/lt\/wp-json\/wp\/v2\/product_brand?post=11298"},{"taxonomy":"product_cat","embeddable":true,"href":"https:\/\/divainers.com\/lt\/wp-json\/wp\/v2\/product_cat?post=11298"},{"taxonomy":"product_tag","embeddable":true,"href":"https:\/\/divainers.com\/lt\/wp-json\/wp\/v2\/product_tag?post=11298"}],"curies":[{"name":"wp","href":"https:\/\/api.w.org\/{rel}","templated":true}]}}