{"id":1168,"date":"2025-01-31T08:33:35","date_gmt":"2025-01-31T07:33:35","guid":{"rendered":"https:\/\/divainers.com\/producto\/divain-061\/"},"modified":"2026-04-30T12:48:11","modified_gmt":"2026-04-30T10:48:11","slug":"divain-061","status":"publish","type":"product","link":"https:\/\/divainers.com\/lt\/producto\/divain-061\/","title":{"rendered":"divain.061"},"content":{"rendered":"<p>\u0160velnus ir eleganti\u0161kas aromatas, perteikiantis gaivum\u0105 ir subtilum\u0105 kiekvienoje natos. Jo \u0161viesus atidarymas su bergamote ir violetini\u0173 lap\u0173 natomis suteikia citrusini\u0173 ir \u017eali\u0173 atspalvi\u0173, o g\u0117li\u0173 \u0161irdis i\u0161 ro\u017ei\u0173, bij\u016bn\u0173 ir jazmin\u0173 apgaubia kvap\u0105 moteri\u0161kumu ir rafinuotumu. Pagrinde baltasis muskuso ir kedro derinys sukuria \u0161ilt\u0105 ir apgaubiant\u012f p\u0117dsak\u0105, puikiai tinkant\u012f subtiliai, eleganti\u0161kai moteriai su nat\u016braliu \u017eavesiu.<\/p>\n","protected":false},"excerpt":{"rendered":"<p>Primena Tous i\u0161 Tous<\/p>\n","protected":false},"featured_media":3449,"comment_status":"open","ping_status":"closed","template":"","meta":[],"product_brand":[],"product_cat":[992],"product_tag":[38],"class_list":{"0":"post-1168","1":"product","2":"type-product","3":"status-publish","4":"has-post-thumbnail","6":"product_cat-tous","7":"product_tag-mujer","9":"first","10":"instock","11":"shipping-taxable","12":"product-type-simple"},"_links":{"self":[{"href":"https:\/\/divainers.com\/lt\/wp-json\/wp\/v2\/product\/1168","targetHints":{"allow":["GET"]}}],"collection":[{"href":"https:\/\/divainers.com\/lt\/wp-json\/wp\/v2\/product"}],"about":[{"href":"https:\/\/divainers.com\/lt\/wp-json\/wp\/v2\/types\/product"}],"replies":[{"embeddable":true,"href":"https:\/\/divainers.com\/lt\/wp-json\/wp\/v2\/comments?post=1168"}],"wp:featuredmedia":[{"embeddable":true,"href":"https:\/\/divainers.com\/lt\/wp-json\/wp\/v2\/media\/3449"}],"wp:attachment":[{"href":"https:\/\/divainers.com\/lt\/wp-json\/wp\/v2\/media?parent=1168"}],"wp:term":[{"taxonomy":"product_brand","embeddable":true,"href":"https:\/\/divainers.com\/lt\/wp-json\/wp\/v2\/product_brand?post=1168"},{"taxonomy":"product_cat","embeddable":true,"href":"https:\/\/divainers.com\/lt\/wp-json\/wp\/v2\/product_cat?post=1168"},{"taxonomy":"product_tag","embeddable":true,"href":"https:\/\/divainers.com\/lt\/wp-json\/wp\/v2\/product_tag?post=1168"}],"curies":[{"name":"wp","href":"https:\/\/api.w.org\/{rel}","templated":true}]}}