{"id":11746,"date":"2025-01-31T08:33:27","date_gmt":"2025-01-31T07:33:27","guid":{"rendered":"https:\/\/divainers.com\/producto\/divain-903\/"},"modified":"2026-04-30T10:53:16","modified_gmt":"2026-04-30T08:53:16","slug":"divain-903","status":"publish","type":"product","link":"https:\/\/divainers.com\/lt\/producto\/divain-903\/","title":{"rendered":"divain.903"},"content":{"rendered":"<p>\u017davingas ir \u0161velnus kvapas, kuris su\u017eadina vaikyst\u0117s tyrum\u0105 su gaiviu ir mink\u0161tu ry\u0161ki\u0173 citrusini\u0173 vaisi\u0173 ir \u0161velni\u0173 g\u0117li\u0173 nat\u0173 deriniu. Atidarymas \u2013 tai citrinos ir sald\u017ei\u0173 apelsin\u0173 atod\u016bsis, kuris i\u0161 karto pa\u017eadina poj\u016b\u010dius jaunatvi\u0161ku gyvumu. Vystantis kvapui, apelsin\u0173 \u017eied\u0173 ir jazmin\u0173 natys suteikia \u0161ilumos ir \u0161velnumo, o migdol\u0173 ir vanil\u0117s pagrindas apgaubia kvap\u0105 raminan\u010diu mink\u0161tumu, palikdamas sald\u017ei\u0105 ir \u0161iek tiek kremi\u0161k\u0105 natos p\u0117dsak\u0105. \u0160is kvepalas puikiai tinka tiems, kurie ie\u0161ko lengvo, gaivaus ir \u0161velnaus kvapo, atspindin\u010dio pirm\u0173j\u0173 akimirk\u0173 nekaltum\u0105 ir d\u017eiaugsm\u0105, sukuriant\u012f \u0161ilumos ir gaivos poj\u016bt\u012f, kuris \u0161velniai i\u0161lieka vis\u0105 dien\u0105.<\/p>\n","protected":false},"excerpt":{"rendered":"<p>Primena Ptisenbon i\u0161 Tartine et Chocolat<\/p>\n","protected":false},"featured_media":3193,"comment_status":"open","ping_status":"closed","template":"","meta":[],"product_brand":[],"product_cat":[3453],"product_tag":[2333],"class_list":{"0":"post-11746","1":"product","2":"type-product","3":"status-publish","4":"has-post-thumbnail","6":"product_cat-tartine-et-chocolat","7":"product_tag-ninos-y-ninas","9":"first","10":"instock","11":"shipping-taxable","12":"product-type-simple"},"_links":{"self":[{"href":"https:\/\/divainers.com\/lt\/wp-json\/wp\/v2\/product\/11746","targetHints":{"allow":["GET"]}}],"collection":[{"href":"https:\/\/divainers.com\/lt\/wp-json\/wp\/v2\/product"}],"about":[{"href":"https:\/\/divainers.com\/lt\/wp-json\/wp\/v2\/types\/product"}],"replies":[{"embeddable":true,"href":"https:\/\/divainers.com\/lt\/wp-json\/wp\/v2\/comments?post=11746"}],"wp:featuredmedia":[{"embeddable":true,"href":"https:\/\/divainers.com\/lt\/wp-json\/wp\/v2\/media\/3193"}],"wp:attachment":[{"href":"https:\/\/divainers.com\/lt\/wp-json\/wp\/v2\/media?parent=11746"}],"wp:term":[{"taxonomy":"product_brand","embeddable":true,"href":"https:\/\/divainers.com\/lt\/wp-json\/wp\/v2\/product_brand?post=11746"},{"taxonomy":"product_cat","embeddable":true,"href":"https:\/\/divainers.com\/lt\/wp-json\/wp\/v2\/product_cat?post=11746"},{"taxonomy":"product_tag","embeddable":true,"href":"https:\/\/divainers.com\/lt\/wp-json\/wp\/v2\/product_tag?post=11746"}],"curies":[{"name":"wp","href":"https:\/\/api.w.org\/{rel}","templated":true}]}}