{"id":11790,"date":"2025-01-31T08:33:27","date_gmt":"2025-01-31T07:33:27","guid":{"rendered":"https:\/\/divainers.com\/producto\/divain-781\/"},"modified":"2026-04-30T10:53:29","modified_gmt":"2026-04-30T08:53:29","slug":"divain-781","status":"publish","type":"product","link":"https:\/\/divainers.com\/lt\/producto\/divain-781\/","title":{"rendered":"divain.781"},"content":{"rendered":"<p>\u0160is unisex kvapas prasideda prieskoningu ir citrusiniu atspalviu, kur kalendra ir kuminas susipina su gaiviomis natomis, sukurdami \u0161ilumos ir rafinuotumo poj\u016bt\u012f. \u0160irdyje kedras ir jazminas suteikia medienos ir g\u0117li\u0173 elegancij\u0105, primenan\u010di\u0105 dykum\u0173 peiza\u017e\u0173 ramyb\u0119. Baz\u0117je pa\u010diulis, pilkasis gintaras ir dervos prideda balzami\u0161kumo ir \u017eemi\u0161kumo gilum\u0105, atspindin\u010di\u0105 Magrebo nat\u016bral\u0173 turtingum\u0105. \u0160i kompozicija, pristatyta prabangiame kvepal\u0173 ekstrakto koncentrate, si\u016blo unikali\u0105 poj\u016b\u010di\u0173 patirt\u012f, kuri \u012fk\u016bnija dykumos esm\u0119.<\/p>\n","protected":false},"excerpt":{"rendered":"<p>Primena Au Coeur du D\u00e9sert i\u0161 Tauer<\/p>\n","protected":false},"featured_media":11788,"comment_status":"open","ping_status":"closed","template":"","meta":[],"product_brand":[],"product_cat":[3475],"product_tag":[1391],"class_list":{"0":"post-11790","1":"product","2":"type-product","3":"status-publish","4":"has-post-thumbnail","6":"product_cat-tauer","7":"product_tag-unisex","9":"first","10":"instock","11":"shipping-taxable","12":"product-type-simple"},"_links":{"self":[{"href":"https:\/\/divainers.com\/lt\/wp-json\/wp\/v2\/product\/11790","targetHints":{"allow":["GET"]}}],"collection":[{"href":"https:\/\/divainers.com\/lt\/wp-json\/wp\/v2\/product"}],"about":[{"href":"https:\/\/divainers.com\/lt\/wp-json\/wp\/v2\/types\/product"}],"replies":[{"embeddable":true,"href":"https:\/\/divainers.com\/lt\/wp-json\/wp\/v2\/comments?post=11790"}],"wp:featuredmedia":[{"embeddable":true,"href":"https:\/\/divainers.com\/lt\/wp-json\/wp\/v2\/media\/11788"}],"wp:attachment":[{"href":"https:\/\/divainers.com\/lt\/wp-json\/wp\/v2\/media?parent=11790"}],"wp:term":[{"taxonomy":"product_brand","embeddable":true,"href":"https:\/\/divainers.com\/lt\/wp-json\/wp\/v2\/product_brand?post=11790"},{"taxonomy":"product_cat","embeddable":true,"href":"https:\/\/divainers.com\/lt\/wp-json\/wp\/v2\/product_cat?post=11790"},{"taxonomy":"product_tag","embeddable":true,"href":"https:\/\/divainers.com\/lt\/wp-json\/wp\/v2\/product_tag?post=11790"}],"curies":[{"name":"wp","href":"https:\/\/api.w.org\/{rel}","templated":true}]}}