{"id":1224,"date":"2025-01-31T08:33:42","date_gmt":"2025-01-31T07:33:42","guid":{"rendered":"https:\/\/divainers.com\/producto\/divain-407\/"},"modified":"2026-04-30T16:02:42","modified_gmt":"2026-04-30T14:02:42","slug":"divain-407","status":"publish","type":"product","link":"https:\/\/divainers.com\/lt\/producto\/divain-407\/","title":{"rendered":"divain.407"},"content":{"rendered":"<p>Moderan mu\u0161ki miris koji spaja svje\u017einu s drvenastim notama. Gornje note su citrusne i osvje\u017eavaju\u0107e, dok se u bazi osje\u0107aju drvenasti, za\u010dinski i cvjetni akordi, stvaraju\u0107i osje\u0107aj samopouzdanja i suvremene elegancije. To je svestran parfem, idealan za svakodnevnu upotrebu, ali i prikladan za formalnije prilike.<\/p>\n","protected":false},"excerpt":{"rendered":"<p>Podsje\u0107a na MYSLF od Yves Saint Laurent<\/p>\n","protected":false},"featured_media":15429,"comment_status":"open","ping_status":"closed","template":"","meta":[],"product_brand":[],"product_cat":[2258],"product_tag":[1363],"class_list":{"0":"post-1224","1":"product","2":"type-product","3":"status-publish","4":"has-post-thumbnail","6":"product_cat-yves-saint-laurent","7":"product_tag-mezczyzni","9":"first","10":"instock","11":"shipping-taxable","12":"product-type-simple"},"_links":{"self":[{"href":"https:\/\/divainers.com\/lt\/wp-json\/wp\/v2\/product\/1224","targetHints":{"allow":["GET"]}}],"collection":[{"href":"https:\/\/divainers.com\/lt\/wp-json\/wp\/v2\/product"}],"about":[{"href":"https:\/\/divainers.com\/lt\/wp-json\/wp\/v2\/types\/product"}],"replies":[{"embeddable":true,"href":"https:\/\/divainers.com\/lt\/wp-json\/wp\/v2\/comments?post=1224"}],"wp:featuredmedia":[{"embeddable":true,"href":"https:\/\/divainers.com\/lt\/wp-json\/wp\/v2\/media\/15429"}],"wp:attachment":[{"href":"https:\/\/divainers.com\/lt\/wp-json\/wp\/v2\/media?parent=1224"}],"wp:term":[{"taxonomy":"product_brand","embeddable":true,"href":"https:\/\/divainers.com\/lt\/wp-json\/wp\/v2\/product_brand?post=1224"},{"taxonomy":"product_cat","embeddable":true,"href":"https:\/\/divainers.com\/lt\/wp-json\/wp\/v2\/product_cat?post=1224"},{"taxonomy":"product_tag","embeddable":true,"href":"https:\/\/divainers.com\/lt\/wp-json\/wp\/v2\/product_tag?post=1224"}],"curies":[{"name":"wp","href":"https:\/\/api.w.org\/{rel}","templated":true}]}}