{"id":1232,"date":"2025-01-31T08:33:43","date_gmt":"2025-01-31T07:33:43","guid":{"rendered":"https:\/\/divainers.com\/producto\/divain-287\/"},"modified":"2026-04-30T16:00:09","modified_gmt":"2026-04-30T14:00:09","slug":"divain-287","status":"publish","type":"product","link":"https:\/\/divainers.com\/lt\/producto\/divain-287\/","title":{"rendered":"divain.287"},"content":{"rendered":"<p>Mu\u0161ki je miris s hrabrom i modernom osobno\u0161\u0107u koji kombinira kontraste izme\u0111u za\u010dinskog, drvenastog i slatkog. Otvara se \u017eivahnim izlazom grejpa, donose\u0107i citrusni i svje\u017ei dodir. U srcu isti\u010de intenzitet vanilije i tamjana, stvaraju\u0107i toplu i obavijaju\u0107u senzaciju s dimnim prizvukom. Baza se gradi na notama sandalovine koje mu daju kremasti i mu\u017eevni karakter. Dubok je, magnetski i urbani miris, idealan za one koji tra\u017ee buntovnu i sofisticiranu esenciju.<\/p>\n","protected":false},"excerpt":{"rendered":"<p>Podsje\u0107a na This is Him od Zadig &#038; Voltaire<\/p>\n","protected":false},"featured_media":15332,"comment_status":"open","ping_status":"closed","template":"","meta":[],"product_brand":[],"product_cat":[1992],"product_tag":[1360],"class_list":{"0":"post-1232","1":"product","2":"type-product","3":"status-publish","4":"has-post-thumbnail","6":"product_cat-zadig-voltaire","7":"product_tag-muskarci","9":"first","10":"instock","11":"shipping-taxable","12":"product-type-simple"},"_links":{"self":[{"href":"https:\/\/divainers.com\/lt\/wp-json\/wp\/v2\/product\/1232","targetHints":{"allow":["GET"]}}],"collection":[{"href":"https:\/\/divainers.com\/lt\/wp-json\/wp\/v2\/product"}],"about":[{"href":"https:\/\/divainers.com\/lt\/wp-json\/wp\/v2\/types\/product"}],"replies":[{"embeddable":true,"href":"https:\/\/divainers.com\/lt\/wp-json\/wp\/v2\/comments?post=1232"}],"wp:featuredmedia":[{"embeddable":true,"href":"https:\/\/divainers.com\/lt\/wp-json\/wp\/v2\/media\/15332"}],"wp:attachment":[{"href":"https:\/\/divainers.com\/lt\/wp-json\/wp\/v2\/media?parent=1232"}],"wp:term":[{"taxonomy":"product_brand","embeddable":true,"href":"https:\/\/divainers.com\/lt\/wp-json\/wp\/v2\/product_brand?post=1232"},{"taxonomy":"product_cat","embeddable":true,"href":"https:\/\/divainers.com\/lt\/wp-json\/wp\/v2\/product_cat?post=1232"},{"taxonomy":"product_tag","embeddable":true,"href":"https:\/\/divainers.com\/lt\/wp-json\/wp\/v2\/product_tag?post=1232"}],"curies":[{"name":"wp","href":"https:\/\/api.w.org\/{rel}","templated":true}]}}