{"id":1237,"date":"2025-01-31T08:33:44","date_gmt":"2025-01-31T07:33:44","guid":{"rendered":"https:\/\/divainers.com\/producto\/divain-468\/"},"modified":"2026-04-30T16:05:15","modified_gmt":"2026-04-30T14:05:15","slug":"divain-468","status":"publish","type":"product","link":"https:\/\/divainers.com\/lt\/producto\/divain-468\/","title":{"rendered":"divain.468"},"content":{"rendered":"<p>Luksuzan i zagonetan miris koji obavija ko\u017eu hipnoti\u010dnom toplinom jantara i orijentalnog za\u010dina. Od otvaranja, vibrantna mje\u0161avina cimeta i \u0161afrana budi osjetila za\u010dinskim i rasko\u0161nim dodirom. U srcu, dubina zlatnog jantara spaja se sa slatko\u0107u smolaste vanilije i benzoina, stvaraju\u0107i ovisni\u010dki i sofisticirani kontrast. Na kraju, baza dimljenog drva i mo\u0161usa ostavlja topao, obavijaju\u0107i i tajanstven trag. Intenzivan i elegantan parfem, idealan za one koji tra\u017ee zavodljivi miris s karakterom i nezaboravnim prisustvom.<\/p>\n","protected":false},"excerpt":{"rendered":"<p>Podsje\u0107a na Amber Intrigue od Tom Ford<\/p>\n","protected":false},"featured_media":15476,"comment_status":"open","ping_status":"closed","template":"","meta":[],"product_brand":[],"product_cat":[4254],"product_tag":[1410],"class_list":{"0":"post-1237","1":"product","2":"type-product","3":"status-publish","4":"has-post-thumbnail","6":"product_cat-tom-ford","7":"product_tag-uniseks","9":"first","10":"instock","11":"shipping-taxable","12":"product-type-simple"},"_links":{"self":[{"href":"https:\/\/divainers.com\/lt\/wp-json\/wp\/v2\/product\/1237","targetHints":{"allow":["GET"]}}],"collection":[{"href":"https:\/\/divainers.com\/lt\/wp-json\/wp\/v2\/product"}],"about":[{"href":"https:\/\/divainers.com\/lt\/wp-json\/wp\/v2\/types\/product"}],"replies":[{"embeddable":true,"href":"https:\/\/divainers.com\/lt\/wp-json\/wp\/v2\/comments?post=1237"}],"wp:featuredmedia":[{"embeddable":true,"href":"https:\/\/divainers.com\/lt\/wp-json\/wp\/v2\/media\/15476"}],"wp:attachment":[{"href":"https:\/\/divainers.com\/lt\/wp-json\/wp\/v2\/media?parent=1237"}],"wp:term":[{"taxonomy":"product_brand","embeddable":true,"href":"https:\/\/divainers.com\/lt\/wp-json\/wp\/v2\/product_brand?post=1237"},{"taxonomy":"product_cat","embeddable":true,"href":"https:\/\/divainers.com\/lt\/wp-json\/wp\/v2\/product_cat?post=1237"},{"taxonomy":"product_tag","embeddable":true,"href":"https:\/\/divainers.com\/lt\/wp-json\/wp\/v2\/product_tag?post=1237"}],"curies":[{"name":"wp","href":"https:\/\/api.w.org\/{rel}","templated":true}]}}