{"id":1242,"date":"2025-01-31T08:33:44","date_gmt":"2025-01-31T07:33:44","guid":{"rendered":"https:\/\/divainers.com\/producto\/divain-1013\/"},"modified":"2026-04-30T15:53:51","modified_gmt":"2026-04-30T13:53:51","slug":"divain-1013","status":"publish","type":"product","link":"https:\/\/divainers.com\/lt\/producto\/divain-1013\/","title":{"rendered":"divain.1013"},"content":{"rendered":"<p>Intenzivan i zavodljiv miris koji zapo\u010dinje svje\u017eim i za\u010dinjenim otvaranjem, gdje se mije\u0161aju citrusne note i nje\u017enost kardamoma. Kako se razvija, njegovo cvjetno srce otkriva eleganciju ru\u017ee i jasmina, stvaraju\u0107i sofisticiran i \u017eiv osje\u0107aj. U bazi, nje\u017eni zagrljaj vanilije i topli dodir sandalovine i jantara donose dubinu i misterij, ostavljaju\u0107i obavijaju\u0107i i postojan trag koji traje cijeli dan. Savr\u0161en za one koji tra\u017ee miris koji uravnote\u017euje svje\u017einu, toplinu i senzualnost koja ne prolazi nezapa\u017eeno.<\/p>\n","protected":false},"excerpt":{"rendered":"<p>Podsje\u0107a na Dahab od Kajal<\/p>\n","protected":false},"featured_media":15118,"comment_status":"open","ping_status":"closed","template":"","meta":[],"product_brand":[],"product_cat":[3230],"product_tag":[1434],"class_list":{"0":"post-1242","1":"product","2":"type-product","3":"status-publish","4":"has-post-thumbnail","6":"product_cat-kajal","7":"product_tag-zene","9":"first","10":"instock","11":"shipping-taxable","12":"product-type-simple"},"_links":{"self":[{"href":"https:\/\/divainers.com\/lt\/wp-json\/wp\/v2\/product\/1242","targetHints":{"allow":["GET"]}}],"collection":[{"href":"https:\/\/divainers.com\/lt\/wp-json\/wp\/v2\/product"}],"about":[{"href":"https:\/\/divainers.com\/lt\/wp-json\/wp\/v2\/types\/product"}],"replies":[{"embeddable":true,"href":"https:\/\/divainers.com\/lt\/wp-json\/wp\/v2\/comments?post=1242"}],"wp:featuredmedia":[{"embeddable":true,"href":"https:\/\/divainers.com\/lt\/wp-json\/wp\/v2\/media\/15118"}],"wp:attachment":[{"href":"https:\/\/divainers.com\/lt\/wp-json\/wp\/v2\/media?parent=1242"}],"wp:term":[{"taxonomy":"product_brand","embeddable":true,"href":"https:\/\/divainers.com\/lt\/wp-json\/wp\/v2\/product_brand?post=1242"},{"taxonomy":"product_cat","embeddable":true,"href":"https:\/\/divainers.com\/lt\/wp-json\/wp\/v2\/product_cat?post=1242"},{"taxonomy":"product_tag","embeddable":true,"href":"https:\/\/divainers.com\/lt\/wp-json\/wp\/v2\/product_tag?post=1242"}],"curies":[{"name":"wp","href":"https:\/\/api.w.org\/{rel}","templated":true}]}}