{"id":12883,"date":"2025-01-31T08:33:28","date_gmt":"2025-01-31T07:33:28","guid":{"rendered":"https:\/\/divainers.com\/producto\/divain-426\/"},"modified":"2026-04-30T10:59:41","modified_gmt":"2026-04-30T08:59:41","slug":"divain-426","status":"publish","type":"product","link":"https:\/\/divainers.com\/lt\/producto\/divain-426\/","title":{"rendered":"divain.426"},"content":{"rendered":"<p>Magnetinis ir apgaubiantis kvapas, kuris pa\u017eadina poj\u016b\u010dius savo turtingu sulting\u0173 vaisi\u0173 ir jausming\u0173 medienos nat\u0173 deriniu. Nuo pat pirmos akimirkos vaisi\u0173 sprogimas i\u0161 pasifloros, persiko ir juod\u0173j\u0173 serbent\u0173 u\u017epildo or\u0105 egzoti\u0161ku ir viliojan\u010diu saldumu. \u0160irdyje subtilus g\u0117li\u0173 akordas susipina su gintarin\u0117mis natomis, suteikdamas gilumo ir paslapties. Galiausiai, muskuso, pa\u010diulio ir sandalmed\u017eio pagrindas sukuria kremi\u0161k\u0105 ir priklausomyb\u0119 kelian\u010di\u0105 natos tak\u0105, palikdamas nepamir\u0161tam\u0105 \u012fsp\u016bd\u012f. Hipnotizuojantis ir viliojantis kvepalas, idealus tiems, kurie ie\u0161ko intensyvaus, rafinuoto ir asmenyb\u0117s kupino aromato.<\/p>\n","protected":false},"excerpt":{"rendered":"<p>Primena Kirke i\u0161 Tiziana Terenzi<\/p>\n","protected":false},"featured_media":12875,"comment_status":"open","ping_status":"closed","template":"","meta":[],"product_brand":[],"product_cat":[4023],"product_tag":[1391],"class_list":{"0":"post-12883","1":"product","2":"type-product","3":"status-publish","4":"has-post-thumbnail","6":"product_cat-tiziana-terenzi","7":"product_tag-unisex","9":"first","10":"instock","11":"shipping-taxable","12":"product-type-simple"},"_links":{"self":[{"href":"https:\/\/divainers.com\/lt\/wp-json\/wp\/v2\/product\/12883","targetHints":{"allow":["GET"]}}],"collection":[{"href":"https:\/\/divainers.com\/lt\/wp-json\/wp\/v2\/product"}],"about":[{"href":"https:\/\/divainers.com\/lt\/wp-json\/wp\/v2\/types\/product"}],"replies":[{"embeddable":true,"href":"https:\/\/divainers.com\/lt\/wp-json\/wp\/v2\/comments?post=12883"}],"wp:featuredmedia":[{"embeddable":true,"href":"https:\/\/divainers.com\/lt\/wp-json\/wp\/v2\/media\/12875"}],"wp:attachment":[{"href":"https:\/\/divainers.com\/lt\/wp-json\/wp\/v2\/media?parent=12883"}],"wp:term":[{"taxonomy":"product_brand","embeddable":true,"href":"https:\/\/divainers.com\/lt\/wp-json\/wp\/v2\/product_brand?post=12883"},{"taxonomy":"product_cat","embeddable":true,"href":"https:\/\/divainers.com\/lt\/wp-json\/wp\/v2\/product_cat?post=12883"},{"taxonomy":"product_tag","embeddable":true,"href":"https:\/\/divainers.com\/lt\/wp-json\/wp\/v2\/product_tag?post=12883"}],"curies":[{"name":"wp","href":"https:\/\/api.w.org\/{rel}","templated":true}]}}