{"id":13444,"date":"2025-01-31T08:33:35","date_gmt":"2025-01-31T07:33:35","guid":{"rendered":"https:\/\/divainers.com\/producto\/divain-092\/"},"modified":"2026-04-30T11:03:36","modified_gmt":"2026-04-30T09:03:36","slug":"divain-092","status":"publish","type":"product","link":"https:\/\/divainers.com\/lt\/producto\/divain-092\/","title":{"rendered":"divain.092"},"content":{"rendered":"<p>\u0160vie\u017eias ir gyvas aromatas, kuris \u012fk\u016bnija jaunyst\u0117s ir laisv\u0117s esm\u0119. Jo \u017e\u0117rinti prad\u017eia su obuoliu, juodaisiais serbentais ir mandarin\u0173 suteikia ry\u0161ki\u0105 ir gaivi\u0105 energij\u0105. \u0160irdyje ro\u017ei\u0173, lelijos ir sausmed\u017eio derinys apgaubia kvap\u0105 \u0161velnia ir nat\u016bralia moteri\u0161kumu. Pagrinde santalas ir kedras sukuria \u0161ilt\u0105 ir lengv\u0105 p\u0117dsak\u0105, puikiai tinkant\u012f spontani\u0161kai, optimisti\u0161kai ir laisvos dvasios moteriai, kuri m\u0117gaujasi kiekviena akimirka.<\/p>\n","protected":false},"excerpt":{"rendered":"<p>Primena Tommy Girl i\u0161 Tommy Hilfiger<\/p>\n","protected":false},"featured_media":13440,"comment_status":"open","ping_status":"closed","template":"","meta":[],"product_brand":[],"product_cat":[4287],"product_tag":[1448],"class_list":{"0":"post-13444","1":"product","2":"type-product","3":"status-publish","4":"has-post-thumbnail","6":"product_cat-tommy-hilfiger","7":"product_tag-moterys","9":"first","10":"instock","11":"shipping-taxable","12":"product-type-simple"},"_links":{"self":[{"href":"https:\/\/divainers.com\/lt\/wp-json\/wp\/v2\/product\/13444","targetHints":{"allow":["GET"]}}],"collection":[{"href":"https:\/\/divainers.com\/lt\/wp-json\/wp\/v2\/product"}],"about":[{"href":"https:\/\/divainers.com\/lt\/wp-json\/wp\/v2\/types\/product"}],"replies":[{"embeddable":true,"href":"https:\/\/divainers.com\/lt\/wp-json\/wp\/v2\/comments?post=13444"}],"wp:featuredmedia":[{"embeddable":true,"href":"https:\/\/divainers.com\/lt\/wp-json\/wp\/v2\/media\/13440"}],"wp:attachment":[{"href":"https:\/\/divainers.com\/lt\/wp-json\/wp\/v2\/media?parent=13444"}],"wp:term":[{"taxonomy":"product_brand","embeddable":true,"href":"https:\/\/divainers.com\/lt\/wp-json\/wp\/v2\/product_brand?post=13444"},{"taxonomy":"product_cat","embeddable":true,"href":"https:\/\/divainers.com\/lt\/wp-json\/wp\/v2\/product_cat?post=13444"},{"taxonomy":"product_tag","embeddable":true,"href":"https:\/\/divainers.com\/lt\/wp-json\/wp\/v2\/product_tag?post=13444"}],"curies":[{"name":"wp","href":"https:\/\/api.w.org\/{rel}","templated":true}]}}