{"id":332,"date":"2025-01-31T08:31:50","date_gmt":"2025-01-31T07:31:50","guid":{"rendered":"https:\/\/divainers.com\/producto\/divain-314\/"},"modified":"2026-04-30T16:20:20","modified_gmt":"2026-04-30T14:20:20","slug":"divain-314","status":"publish","type":"product","link":"https:\/\/divainers.com\/lt\/producto\/divain-314\/","title":{"rendered":"divain.314"},"content":{"rendered":"<p>N\u00e1padn\u00e1 a ko\u0159en\u011bn\u00e1 kompozice, kter\u00e1 evokuje tajemstv\u00ed a velkolepost. Otev\u00edr\u00e1 se intenzivn\u00ed kombinac\u00ed kadidla a r\u016f\u017eov\u00e9ho pep\u0159e, vytv\u00e1\u0159ej\u00edc\u00ed teplou a obklopuj\u00edc\u00ed atmosf\u00e9ru. V srdci p\u0159in\u00e1\u0161\u00ed km\u00edn a kardamom exotick\u00fd n\u00e1dech, zat\u00edmco pelargonie vyva\u017euje svou kv\u011btinovou sv\u011b\u017eest\u00ed. Z\u00e1klad, dominovan\u00fd t\u00f3ny oudu, k\u016f\u017ee a santalov\u00e9ho d\u0159eva, dod\u00e1v\u00e1 majest\u00e1tn\u00ed a dlouhotrvaj\u00edc\u00ed hloubku, zanech\u00e1vaj\u00edc\u00ed silnou a sofistikovanou stopu.<\/p>\n","protected":false},"excerpt":{"rendered":"<p>P\u0159ipom\u00edn\u00e1 Epic Man od Amouage<\/p>\n","protected":false},"featured_media":15912,"comment_status":"open","ping_status":"closed","template":"","meta":[],"product_brand":[],"product_cat":[1563],"product_tag":[1341],"class_list":{"0":"post-332","1":"product","2":"type-product","3":"status-publish","4":"has-post-thumbnail","6":"product_cat-amouage","7":"product_tag-muzi","9":"first","10":"instock","11":"shipping-taxable","12":"product-type-simple"},"_links":{"self":[{"href":"https:\/\/divainers.com\/lt\/wp-json\/wp\/v2\/product\/332","targetHints":{"allow":["GET"]}}],"collection":[{"href":"https:\/\/divainers.com\/lt\/wp-json\/wp\/v2\/product"}],"about":[{"href":"https:\/\/divainers.com\/lt\/wp-json\/wp\/v2\/types\/product"}],"replies":[{"embeddable":true,"href":"https:\/\/divainers.com\/lt\/wp-json\/wp\/v2\/comments?post=332"}],"wp:featuredmedia":[{"embeddable":true,"href":"https:\/\/divainers.com\/lt\/wp-json\/wp\/v2\/media\/15912"}],"wp:attachment":[{"href":"https:\/\/divainers.com\/lt\/wp-json\/wp\/v2\/media?parent=332"}],"wp:term":[{"taxonomy":"product_brand","embeddable":true,"href":"https:\/\/divainers.com\/lt\/wp-json\/wp\/v2\/product_brand?post=332"},{"taxonomy":"product_cat","embeddable":true,"href":"https:\/\/divainers.com\/lt\/wp-json\/wp\/v2\/product_cat?post=332"},{"taxonomy":"product_tag","embeddable":true,"href":"https:\/\/divainers.com\/lt\/wp-json\/wp\/v2\/product_tag?post=332"}],"curies":[{"name":"wp","href":"https:\/\/api.w.org\/{rel}","templated":true}]}}