{"id":388,"date":"2025-01-31T08:31:57","date_gmt":"2025-01-31T07:31:57","guid":{"rendered":"https:\/\/divainers.com\/producto\/divain-911\/"},"modified":"2026-04-30T16:21:32","modified_gmt":"2026-04-30T14:21:32","slug":"divain-911","status":"publish","type":"product","link":"https:\/\/divainers.com\/lt\/producto\/divain-911\/","title":{"rendered":"divain.911"},"content":{"rendered":"<p>Fascinuj\u00edc\u00ed a sv\u016fdn\u00e1 v\u016fn\u011b, kter\u00e1 spojuje kv\u011btinovou eleganci s ovocnou sladkost\u00ed v dokonal\u00e9m tanci. Od prvn\u00edho n\u00e1dechu se explozivn\u00ed \u0161\u0165avnat\u00e1 broskev prol\u00edn\u00e1 s kv\u011btinov\u00fdmi t\u00f3ny jasm\u00ednu a r\u016f\u017ee, vytv\u00e1\u0159ej\u00edc pocit sv\u011b\u017eesti a \u017eenskosti v nejvy\u0161\u0161\u00ed podob\u011b. Jak se v\u016fn\u011b rozv\u00edj\u00ed, pi\u017emov\u00e9 a santalov\u00e9 d\u0159evit\u00e9 t\u00f3ny p\u0159id\u00e1vaj\u00ed smyslnou a teplou hloubku, obaluj\u00ed v\u016fni kr\u00e9mov\u00fdm a sofistikovan\u00fdm z\u00e1kladem. Jemn\u00e1 kyselost citrus\u016f se spojuje s vrstvou jantaru, kter\u00e1 p\u0159in\u00e1\u0161\u00ed zlatav\u00fd, t\u00e9m\u011b\u0159 \u00e9terick\u00fd n\u00e1dech, jako neviditeln\u00e1 stopa, kter\u00e1 p\u0159etrv\u00e1v\u00e1. Tato v\u016fn\u011b je ide\u00e1ln\u00ed pro ty, kte\u0159\u00ed hledaj\u00ed vonn\u00fd z\u00e1\u017eitek evokuj\u00edc\u00ed smyslnost, rafinovanost a pocit v\u011b\u010dnosti, zanech\u00e1vaj\u00edc\u00ed stopu tajemstv\u00ed a p\u0159ita\u017elivosti, kter\u00e1 neunikne pozornosti.<\/p>\n","protected":false},"excerpt":{"rendered":"<p>P\u0159ipom\u00edn\u00e1 Flower of immorthality od by Kilian<\/p>\n","protected":false},"featured_media":15952,"comment_status":"open","ping_status":"closed","template":"","meta":[],"product_brand":[],"product_cat":[1960],"product_tag":[1393],"class_list":{"0":"post-388","1":"product","2":"type-product","3":"status-publish","4":"has-post-thumbnail","6":"product_cat-by-kilian","7":"product_tag-unisex","9":"first","10":"instock","11":"shipping-taxable","12":"product-type-simple"},"_links":{"self":[{"href":"https:\/\/divainers.com\/lt\/wp-json\/wp\/v2\/product\/388","targetHints":{"allow":["GET"]}}],"collection":[{"href":"https:\/\/divainers.com\/lt\/wp-json\/wp\/v2\/product"}],"about":[{"href":"https:\/\/divainers.com\/lt\/wp-json\/wp\/v2\/types\/product"}],"replies":[{"embeddable":true,"href":"https:\/\/divainers.com\/lt\/wp-json\/wp\/v2\/comments?post=388"}],"wp:featuredmedia":[{"embeddable":true,"href":"https:\/\/divainers.com\/lt\/wp-json\/wp\/v2\/media\/15952"}],"wp:attachment":[{"href":"https:\/\/divainers.com\/lt\/wp-json\/wp\/v2\/media?parent=388"}],"wp:term":[{"taxonomy":"product_brand","embeddable":true,"href":"https:\/\/divainers.com\/lt\/wp-json\/wp\/v2\/product_brand?post=388"},{"taxonomy":"product_cat","embeddable":true,"href":"https:\/\/divainers.com\/lt\/wp-json\/wp\/v2\/product_cat?post=388"},{"taxonomy":"product_tag","embeddable":true,"href":"https:\/\/divainers.com\/lt\/wp-json\/wp\/v2\/product_tag?post=388"}],"curies":[{"name":"wp","href":"https:\/\/api.w.org\/{rel}","templated":true}]}}