{"id":416,"date":"2025-01-31T08:32:00","date_gmt":"2025-01-31T07:32:00","guid":{"rendered":"https:\/\/divainers.com\/producto\/divain-254\/"},"modified":"2026-04-30T16:22:07","modified_gmt":"2026-04-30T14:22:07","slug":"divain-254","status":"publish","type":"product","link":"https:\/\/divainers.com\/lt\/producto\/divain-254\/","title":{"rendered":"divain.254"},"content":{"rendered":"<p>Sladk\u00e1 a obklopuj\u00edc\u00ed v\u016fn\u011b, kter\u00e1 zachycuje podstatu l\u00e1sky v ka\u017ed\u00e9 not\u011b. Od prvn\u00edho st\u0159\u00edknut\u00ed se otev\u00edr\u00e1 exploz\u00ed sv\u011b\u017e\u00edch citrus\u016f, spojen\u00fdch s jemnou kv\u011btinovou v\u016fn\u00ed, kter\u00e1 se rozv\u00edj\u00ed v srdci parf\u00e9mu. R\u016f\u017eov\u00e9 a jasm\u00ednov\u00e9 t\u00f3ny p\u0159in\u00e1\u0161ej\u00ed pocit romantiky, zat\u00edmco d\u0159evit\u00fd z\u00e1klad ze santalov\u00e9ho d\u0159eva a pi\u017ema dod\u00e1v\u00e1 hloubku a smyslnost. Tato v\u016fn\u011b m\u00e1 mladistv\u00fd, \u017eiv\u00fd a tepl\u00fd charakter, ide\u00e1ln\u00ed pro ty, kte\u0159\u00ed hledaj\u00ed vonn\u00fd z\u00e1\u017eitek, kter\u00fd inspiruje l\u00e1sku, n\u011bhu a pocit pohody, perfektn\u00ed na ka\u017ed\u00fd den i zvl\u00e1\u0161tn\u00ed p\u0159\u00edle\u017eitosti.<\/p>\n","protected":false},"excerpt":{"rendered":"<p>P\u0159ipom\u00edn\u00e1 Amor od Cacharel<\/p>\n","protected":false},"featured_media":15978,"comment_status":"open","ping_status":"closed","template":"","meta":[],"product_brand":[],"product_cat":[2062],"product_tag":[1370],"class_list":{"0":"post-416","1":"product","2":"type-product","3":"status-publish","4":"has-post-thumbnail","6":"product_cat-cacharel","7":"product_tag-uomo","9":"first","10":"instock","11":"shipping-taxable","12":"product-type-simple"},"_links":{"self":[{"href":"https:\/\/divainers.com\/lt\/wp-json\/wp\/v2\/product\/416","targetHints":{"allow":["GET"]}}],"collection":[{"href":"https:\/\/divainers.com\/lt\/wp-json\/wp\/v2\/product"}],"about":[{"href":"https:\/\/divainers.com\/lt\/wp-json\/wp\/v2\/types\/product"}],"replies":[{"embeddable":true,"href":"https:\/\/divainers.com\/lt\/wp-json\/wp\/v2\/comments?post=416"}],"wp:featuredmedia":[{"embeddable":true,"href":"https:\/\/divainers.com\/lt\/wp-json\/wp\/v2\/media\/15978"}],"wp:attachment":[{"href":"https:\/\/divainers.com\/lt\/wp-json\/wp\/v2\/media?parent=416"}],"wp:term":[{"taxonomy":"product_brand","embeddable":true,"href":"https:\/\/divainers.com\/lt\/wp-json\/wp\/v2\/product_brand?post=416"},{"taxonomy":"product_cat","embeddable":true,"href":"https:\/\/divainers.com\/lt\/wp-json\/wp\/v2\/product_cat?post=416"},{"taxonomy":"product_tag","embeddable":true,"href":"https:\/\/divainers.com\/lt\/wp-json\/wp\/v2\/product_tag?post=416"}],"curies":[{"name":"wp","href":"https:\/\/api.w.org\/{rel}","templated":true}]}}