{"id":429,"date":"2025-01-31T08:32:01","date_gmt":"2025-01-31T07:32:01","guid":{"rendered":"https:\/\/divainers.com\/producto\/divain-359\/"},"modified":"2026-04-30T16:22:22","modified_gmt":"2026-04-30T14:22:22","slug":"divain-359","status":"publish","type":"product","link":"https:\/\/divainers.com\/lt\/producto\/divain-359\/","title":{"rendered":"divain.359"},"content":{"rendered":"<p>\u010cerstv\u00e1 a odv\u00e1\u017en\u00e1 v\u016fn\u011b, kter\u00e1 kombinuje energii citrus\u016f s teplem d\u0159evit\u00fdch t\u00f3n\u016f. \u017div\u00fd \u00favod bergamotu se m\u00eds\u00ed s aromatick\u00fdm n\u00e1dechem levandule, p\u0159in\u00e1\u0161ej\u00edc\u00edm \u010dist\u00fd a modern\u00ed pocit. V z\u00e1kladu se zemit\u00e9 vetiver spojuje s jantarov\u00fdmi akordy, vytv\u00e1\u0159ej\u00edc\u00ed mu\u017eskou a sofistikovanou stopu. Rovnov\u00e1ha mezi sv\u011b\u017eest\u00ed a hloubkou, ide\u00e1ln\u00ed pro ty, kte\u0159\u00ed hledaj\u00ed univerz\u00e1ln\u00ed a sebejistou v\u016fni.<\/p>\n","protected":false},"excerpt":{"rendered":"<p>P\u0159ipom\u00edn\u00e1 DEFY od Calvin Klein<\/p>\n","protected":false},"featured_media":15989,"comment_status":"open","ping_status":"closed","template":"","meta":[],"product_brand":[],"product_cat":[2033],"product_tag":[1360],"class_list":{"0":"post-429","1":"product","2":"type-product","3":"status-publish","4":"has-post-thumbnail","6":"product_cat-calvin-klein","7":"product_tag-muskarci","9":"first","10":"instock","11":"shipping-taxable","12":"product-type-simple"},"_links":{"self":[{"href":"https:\/\/divainers.com\/lt\/wp-json\/wp\/v2\/product\/429","targetHints":{"allow":["GET"]}}],"collection":[{"href":"https:\/\/divainers.com\/lt\/wp-json\/wp\/v2\/product"}],"about":[{"href":"https:\/\/divainers.com\/lt\/wp-json\/wp\/v2\/types\/product"}],"replies":[{"embeddable":true,"href":"https:\/\/divainers.com\/lt\/wp-json\/wp\/v2\/comments?post=429"}],"wp:featuredmedia":[{"embeddable":true,"href":"https:\/\/divainers.com\/lt\/wp-json\/wp\/v2\/media\/15989"}],"wp:attachment":[{"href":"https:\/\/divainers.com\/lt\/wp-json\/wp\/v2\/media?parent=429"}],"wp:term":[{"taxonomy":"product_brand","embeddable":true,"href":"https:\/\/divainers.com\/lt\/wp-json\/wp\/v2\/product_brand?post=429"},{"taxonomy":"product_cat","embeddable":true,"href":"https:\/\/divainers.com\/lt\/wp-json\/wp\/v2\/product_cat?post=429"},{"taxonomy":"product_tag","embeddable":true,"href":"https:\/\/divainers.com\/lt\/wp-json\/wp\/v2\/product_tag?post=429"}],"curies":[{"name":"wp","href":"https:\/\/api.w.org\/{rel}","templated":true}]}}