{"id":441,"date":"2025-01-31T08:32:04","date_gmt":"2025-01-31T07:32:04","guid":{"rendered":"https:\/\/divainers.com\/producto\/divain-187\/"},"modified":"2026-03-16T16:07:22","modified_gmt":"2026-03-16T15:07:22","slug":"divain-187","status":"publish","type":"product","link":"https:\/\/divainers.com\/lt\/producto\/divain-187\/","title":{"rendered":"divain.187"},"content":{"rendered":"<p>Un perfume sofisticado y seductor que encarna la dualidad de la mujer moderna: dulce e intensa, elegante y atrevida. Su apertura hipnotiza con notas chispeantes de almendra y caf\u00e9, aportando un toque vibrante y adictivo. En el coraz\u00f3n, la feminidad del jazm\u00edn sambac y la tuberosa se mezcla con una sensualidad envolvente, creando un aura irresistible. En el fondo, la calidez de la vainilla, el cacao y el haba tonka se funde con la profundidad de las maderas, dejando una estela intensa y sofisticada. Perfecto para la mujer empoderada y misteriosa que deja huella a su paso.<\/p>\n","protected":false},"excerpt":{"rendered":"<p>Recuerda a Good Girl de Carolina Herrera<\/p>\n","protected":false},"featured_media":3370,"comment_status":"open","ping_status":"closed","template":"","meta":[],"product_brand":[],"product_cat":[160],"product_tag":[38],"class_list":{"0":"post-441","1":"product","2":"type-product","3":"status-publish","4":"has-post-thumbnail","6":"product_cat-carolina-herrera","7":"product_tag-mujer","9":"first","10":"instock","11":"shipping-taxable","12":"product-type-simple"},"_links":{"self":[{"href":"https:\/\/divainers.com\/lt\/wp-json\/wp\/v2\/product\/441","targetHints":{"allow":["GET"]}}],"collection":[{"href":"https:\/\/divainers.com\/lt\/wp-json\/wp\/v2\/product"}],"about":[{"href":"https:\/\/divainers.com\/lt\/wp-json\/wp\/v2\/types\/product"}],"replies":[{"embeddable":true,"href":"https:\/\/divainers.com\/lt\/wp-json\/wp\/v2\/comments?post=441"}],"wp:featuredmedia":[{"embeddable":true,"href":"https:\/\/divainers.com\/lt\/wp-json\/wp\/v2\/media\/3370"}],"wp:attachment":[{"href":"https:\/\/divainers.com\/lt\/wp-json\/wp\/v2\/media?parent=441"}],"wp:term":[{"taxonomy":"product_brand","embeddable":true,"href":"https:\/\/divainers.com\/lt\/wp-json\/wp\/v2\/product_brand?post=441"},{"taxonomy":"product_cat","embeddable":true,"href":"https:\/\/divainers.com\/lt\/wp-json\/wp\/v2\/product_cat?post=441"},{"taxonomy":"product_tag","embeddable":true,"href":"https:\/\/divainers.com\/lt\/wp-json\/wp\/v2\/product_tag?post=441"}],"curies":[{"name":"wp","href":"https:\/\/api.w.org\/{rel}","templated":true}]}}