{"id":509,"date":"2025-01-31T08:32:12","date_gmt":"2025-01-31T07:32:12","guid":{"rendered":"https:\/\/divainers.com\/producto\/divain-113\/"},"modified":"2026-03-16T16:07:28","modified_gmt":"2026-03-16T15:07:28","slug":"divain-113","status":"publish","type":"product","link":"https:\/\/divainers.com\/lt\/producto\/divain-113\/","title":{"rendered":"divain.113"},"content":{"rendered":"<p>Un aroma fresco y sofisticado que transporta a la costa mediterr\u00e1nea con su elegancia luminosa. Su apertura chispeante de bergamota, cidra y petitgrain aporta una frescura c\u00edtrica y revitalizante. En el coraz\u00f3n, el azahar y el almendra amarga envuelven la fragancia en una suavidad delicada y refinada. En el fondo, el cipr\u00e9s y el almizcle blanco crean una estela ligera y envolvente, perfecta para la mujer elegante, serena y con un esp\u00edritu viajero que disfruta de la belleza en cada detalle.<\/p>\n","protected":false},"excerpt":{"rendered":"<p>Recuerda a Escale a Portofino de Dior<\/p>\n","protected":false},"featured_media":3607,"comment_status":"open","ping_status":"closed","template":"","meta":[],"product_brand":[],"product_cat":[2403],"product_tag":[1448],"class_list":{"0":"post-509","1":"product","2":"type-product","3":"status-publish","4":"has-post-thumbnail","6":"product_cat-dior","7":"product_tag-moterys","9":"first","10":"instock","11":"shipping-taxable","12":"product-type-simple"},"_links":{"self":[{"href":"https:\/\/divainers.com\/lt\/wp-json\/wp\/v2\/product\/509","targetHints":{"allow":["GET"]}}],"collection":[{"href":"https:\/\/divainers.com\/lt\/wp-json\/wp\/v2\/product"}],"about":[{"href":"https:\/\/divainers.com\/lt\/wp-json\/wp\/v2\/types\/product"}],"replies":[{"embeddable":true,"href":"https:\/\/divainers.com\/lt\/wp-json\/wp\/v2\/comments?post=509"}],"wp:featuredmedia":[{"embeddable":true,"href":"https:\/\/divainers.com\/lt\/wp-json\/wp\/v2\/media\/3607"}],"wp:attachment":[{"href":"https:\/\/divainers.com\/lt\/wp-json\/wp\/v2\/media?parent=509"}],"wp:term":[{"taxonomy":"product_brand","embeddable":true,"href":"https:\/\/divainers.com\/lt\/wp-json\/wp\/v2\/product_brand?post=509"},{"taxonomy":"product_cat","embeddable":true,"href":"https:\/\/divainers.com\/lt\/wp-json\/wp\/v2\/product_cat?post=509"},{"taxonomy":"product_tag","embeddable":true,"href":"https:\/\/divainers.com\/lt\/wp-json\/wp\/v2\/product_tag?post=509"}],"curies":[{"name":"wp","href":"https:\/\/api.w.org\/{rel}","templated":true}]}}