{"id":5268,"date":"2026-02-24T10:57:25","date_gmt":"2026-02-24T09:57:25","guid":{"rendered":"https:\/\/divainers.com\/?post_type=product&#038;p=5268"},"modified":"2026-03-16T16:08:41","modified_gmt":"2026-03-16T15:08:41","slug":"divain-1314","status":"publish","type":"product","link":"https:\/\/divainers.com\/lt\/producto\/divain-1314\/","title":{"rendered":"divain.1314"},"content":{"rendered":"<p>Evoca un car\u00e1cter art\u00edstico y sofisticado, con un aire moderno y ligeramente enigm\u00e1tico que transmite creatividad y elegancia. Es una fragancia distintiva y con personalidad, perfecta para quienes buscan un aroma original, refinado y con un toque vanguardista.<\/p>\n","protected":false},"excerpt":{"rendered":"<p>Recuerda a Ink Mark de Louis Vuitton<\/p>\n","protected":false},"featured_media":5266,"comment_status":"open","ping_status":"closed","template":"","meta":[],"product_brand":[],"product_cat":[651],"product_tag":[],"class_list":{"0":"post-5268","1":"product","2":"type-product","3":"status-publish","4":"has-post-thumbnail","6":"product_cat-louis-vuitton","8":"first","9":"instock","10":"shipping-taxable","11":"product-type-simple"},"_links":{"self":[{"href":"https:\/\/divainers.com\/lt\/wp-json\/wp\/v2\/product\/5268","targetHints":{"allow":["GET"]}}],"collection":[{"href":"https:\/\/divainers.com\/lt\/wp-json\/wp\/v2\/product"}],"about":[{"href":"https:\/\/divainers.com\/lt\/wp-json\/wp\/v2\/types\/product"}],"replies":[{"embeddable":true,"href":"https:\/\/divainers.com\/lt\/wp-json\/wp\/v2\/comments?post=5268"}],"wp:featuredmedia":[{"embeddable":true,"href":"https:\/\/divainers.com\/lt\/wp-json\/wp\/v2\/media\/5266"}],"wp:attachment":[{"href":"https:\/\/divainers.com\/lt\/wp-json\/wp\/v2\/media?parent=5268"}],"wp:term":[{"taxonomy":"product_brand","embeddable":true,"href":"https:\/\/divainers.com\/lt\/wp-json\/wp\/v2\/product_brand?post=5268"},{"taxonomy":"product_cat","embeddable":true,"href":"https:\/\/divainers.com\/lt\/wp-json\/wp\/v2\/product_cat?post=5268"},{"taxonomy":"product_tag","embeddable":true,"href":"https:\/\/divainers.com\/lt\/wp-json\/wp\/v2\/product_tag?post=5268"}],"curies":[{"name":"wp","href":"https:\/\/api.w.org\/{rel}","templated":true}]}}