{"id":626,"date":"2025-01-31T08:32:26","date_gmt":"2025-01-31T07:32:26","guid":{"rendered":"https:\/\/divainers.com\/producto\/divain-025\/"},"modified":"2026-03-16T16:07:37","modified_gmt":"2026-03-16T15:07:37","slug":"divain-025","status":"publish","type":"product","link":"https:\/\/divainers.com\/lt\/producto\/divain-025\/","title":{"rendered":"divain.025"},"content":{"rendered":"<p>Un aroma sofisticado y magn\u00e9tico que destila misterio y seducci\u00f3n. Su salida fresca de bergamota y lim\u00f3n aporta un toque vibrante, mientras un coraz\u00f3n envolvente de flor de olivo y an\u00eds estrella a\u00f1ade un matiz elegante y cautivador. En el fondo, el cuero, la haba tonka y la madera de guayaco crean una estela c\u00e1lida e irresistible, perfecta para el hombre carism\u00e1tico y seductor que deja huella en cada encuentro.<\/p>\n","protected":false},"excerpt":{"rendered":"<p>Recuerda a Code de Giorgio Armani<\/p>\n","protected":false},"featured_media":3351,"comment_status":"open","ping_status":"closed","template":"","meta":[],"product_brand":[],"product_cat":[381],"product_tag":[1343],"class_list":{"0":"post-626","1":"product","2":"type-product","3":"status-publish","4":"has-post-thumbnail","6":"product_cat-giorgio-armani","7":"product_tag-hommes","9":"first","10":"instock","11":"shipping-taxable","12":"product-type-simple"},"_links":{"self":[{"href":"https:\/\/divainers.com\/lt\/wp-json\/wp\/v2\/product\/626","targetHints":{"allow":["GET"]}}],"collection":[{"href":"https:\/\/divainers.com\/lt\/wp-json\/wp\/v2\/product"}],"about":[{"href":"https:\/\/divainers.com\/lt\/wp-json\/wp\/v2\/types\/product"}],"replies":[{"embeddable":true,"href":"https:\/\/divainers.com\/lt\/wp-json\/wp\/v2\/comments?post=626"}],"wp:featuredmedia":[{"embeddable":true,"href":"https:\/\/divainers.com\/lt\/wp-json\/wp\/v2\/media\/3351"}],"wp:attachment":[{"href":"https:\/\/divainers.com\/lt\/wp-json\/wp\/v2\/media?parent=626"}],"wp:term":[{"taxonomy":"product_brand","embeddable":true,"href":"https:\/\/divainers.com\/lt\/wp-json\/wp\/v2\/product_brand?post=626"},{"taxonomy":"product_cat","embeddable":true,"href":"https:\/\/divainers.com\/lt\/wp-json\/wp\/v2\/product_cat?post=626"},{"taxonomy":"product_tag","embeddable":true,"href":"https:\/\/divainers.com\/lt\/wp-json\/wp\/v2\/product_tag?post=626"}],"curies":[{"name":"wp","href":"https:\/\/api.w.org\/{rel}","templated":true}]}}