{"id":6995,"date":"2025-01-31T08:31:48","date_gmt":"2025-01-31T07:31:48","guid":{"rendered":"https:\/\/divainers.com\/producto\/divain-205\/"},"modified":"2026-03-26T14:15:49","modified_gmt":"2026-03-26T13:15:49","slug":"divain-205","status":"publish","type":"product","link":"https:\/\/divainers.com\/lt\/producto\/divain-205\/","title":{"rendered":"divain.205"},"content":{"rendered":"<p><span data-sheets-root=\"1\">Gyvybingas ir magneti\u0161kas aromatas, kuris su kiekviena nata dvelkia pasitik\u0117jimu savimi ir jaunyste. Jo gaivus ir stimuliuojantis atidarymas sumai\u0161o citrin\u0105, apelsin\u0105 ir kardamon\u0105, sukurdamas citrusin\u012f energijos kupin\u0105 sprogim\u0105. \u0160irdyje levandos ir rozmarinas suteikia \u0161var\u0173 ir vyri\u0161k\u0105 aromat\u0105, o sumed\u0117j\u0119s muskuso, vetiverijos ir \u0105\u017euolo saman\u0173 pagrindas suteikia gylio ir jausmingumo. Puikiai tinka ie\u0161kantiems gaivaus, dr\u0105saus ir gundan\u010dio kvapo, idealiai tinka kasdieniam naudojimui ar palikti nepamir\u0161tam\u0105 \u012fsp\u016bd\u012f.   <\/span><\/p>\n","protected":false},"excerpt":{"rendered":"<p>Prisiminkite &#8222;Fierce&#8221; i\u0161 &#8222;Abercrombie &amp; Fitch&#8221;<\/p>\n","protected":false},"featured_media":3374,"comment_status":"open","ping_status":"closed","template":"","meta":[],"product_brand":[],"product_cat":[1325],"product_tag":[1347],"class_list":{"0":"post-6995","1":"product","2":"type-product","3":"status-publish","4":"has-post-thumbnail","6":"product_cat-abercrombie-fitch","7":"product_tag-uomo","9":"first","10":"instock","11":"shipping-taxable","12":"product-type-simple"},"_links":{"self":[{"href":"https:\/\/divainers.com\/lt\/wp-json\/wp\/v2\/product\/6995","targetHints":{"allow":["GET"]}}],"collection":[{"href":"https:\/\/divainers.com\/lt\/wp-json\/wp\/v2\/product"}],"about":[{"href":"https:\/\/divainers.com\/lt\/wp-json\/wp\/v2\/types\/product"}],"replies":[{"embeddable":true,"href":"https:\/\/divainers.com\/lt\/wp-json\/wp\/v2\/comments?post=6995"}],"wp:featuredmedia":[{"embeddable":true,"href":"https:\/\/divainers.com\/lt\/wp-json\/wp\/v2\/media\/3374"}],"wp:attachment":[{"href":"https:\/\/divainers.com\/lt\/wp-json\/wp\/v2\/media?parent=6995"}],"wp:term":[{"taxonomy":"product_brand","embeddable":true,"href":"https:\/\/divainers.com\/lt\/wp-json\/wp\/v2\/product_brand?post=6995"},{"taxonomy":"product_cat","embeddable":true,"href":"https:\/\/divainers.com\/lt\/wp-json\/wp\/v2\/product_cat?post=6995"},{"taxonomy":"product_tag","embeddable":true,"href":"https:\/\/divainers.com\/lt\/wp-json\/wp\/v2\/product_tag?post=6995"}],"curies":[{"name":"wp","href":"https:\/\/api.w.org\/{rel}","templated":true}]}}