{"id":7031,"date":"2025-01-31T08:31:48","date_gmt":"2025-01-31T07:31:48","guid":{"rendered":"https:\/\/divainers.com\/producto\/divain-320\/"},"modified":"2026-04-30T09:43:03","modified_gmt":"2026-04-30T07:43:03","slug":"divain-320","status":"publish","type":"product","link":"https:\/\/divainers.com\/lt\/producto\/divain-320\/","title":{"rendered":"divain.320"},"content":{"rendered":"<p>Gyvybinga ir vyri\u0161ka kvapo kompozicija su gaiviu ir vaisi\u0161ku atidarymu, kur\u012f suteikia bergamot\u0117 ir \u017ealias obuolys, derinami su prieskoniniu kardamono atspalviu. \u0160irdyje aromatin\u0117s levand\u0173 ir rozmarin\u0173 natomis suteikia \u0161var\u0173 ir modern\u0173 charakter\u012f, o baz\u0117 tampa \u0161iltesn\u0117 ir apgaubian\u010dioji su gintaru, tonkos pupel\u0117mis ir giliais medienos akordais, sukuriant subalansuot\u0105 kvap\u0105 tarp gaivumo ir jausmingumo, idealiai tinkant\u012f kasdienai.<\/p>\n","protected":false},"excerpt":{"rendered":"<p>Primena First Instinct Blue i\u0161 Abercrombie &#038; Fitch<\/p>\n","protected":false},"featured_media":7034,"comment_status":"open","ping_status":"closed","template":"","meta":[],"product_brand":[],"product_cat":[1325],"product_tag":[1366],"class_list":{"0":"post-7031","1":"product","2":"type-product","3":"status-publish","4":"has-post-thumbnail","6":"product_cat-abercrombie-fitch","7":"product_tag-vyrai","9":"first","10":"instock","11":"shipping-taxable","12":"product-type-simple"},"_links":{"self":[{"href":"https:\/\/divainers.com\/lt\/wp-json\/wp\/v2\/product\/7031","targetHints":{"allow":["GET"]}}],"collection":[{"href":"https:\/\/divainers.com\/lt\/wp-json\/wp\/v2\/product"}],"about":[{"href":"https:\/\/divainers.com\/lt\/wp-json\/wp\/v2\/types\/product"}],"replies":[{"embeddable":true,"href":"https:\/\/divainers.com\/lt\/wp-json\/wp\/v2\/comments?post=7031"}],"wp:featuredmedia":[{"embeddable":true,"href":"https:\/\/divainers.com\/lt\/wp-json\/wp\/v2\/media\/7034"}],"wp:attachment":[{"href":"https:\/\/divainers.com\/lt\/wp-json\/wp\/v2\/media?parent=7031"}],"wp:term":[{"taxonomy":"product_brand","embeddable":true,"href":"https:\/\/divainers.com\/lt\/wp-json\/wp\/v2\/product_brand?post=7031"},{"taxonomy":"product_cat","embeddable":true,"href":"https:\/\/divainers.com\/lt\/wp-json\/wp\/v2\/product_cat?post=7031"},{"taxonomy":"product_tag","embeddable":true,"href":"https:\/\/divainers.com\/lt\/wp-json\/wp\/v2\/product_tag?post=7031"}],"curies":[{"name":"wp","href":"https:\/\/api.w.org\/{rel}","templated":true}]}}