{"id":7077,"date":"2025-01-31T08:31:48","date_gmt":"2025-01-31T07:31:48","guid":{"rendered":"https:\/\/divainers.com\/producto\/divain-276\/"},"modified":"2026-04-30T09:43:17","modified_gmt":"2026-04-30T07:43:17","slug":"divain-276","status":"publish","type":"product","link":"https:\/\/divainers.com\/lt\/producto\/divain-276\/","title":{"rendered":"divain.276"},"content":{"rendered":"<p>Tai klasikinis ir rafinuotas nat\u016bros kvapas, i\u0161siskiriantis savo gaivumu ir am\u017eina elegancija. Citrusin\u0117 ir gaivi baz\u0117, vir\u0161utin\u0117s natos apima citrin\u0105, apelsin\u0105 ir bergamot\u0119, suteikian\u010dias atgaivinan\u010di\u0105 poj\u016bt\u012f. \u0160irdyje jau\u010diami g\u0117li\u0173 aromatai, tokie kaip levanda, jazminas ir ro\u017e\u0117, suteikiantys subtil\u0173 rafinuotumo prisilietim\u0105. Medienos pagrindas su vetiverijos, santalmed\u017eio ir pa\u010diulio natomis prideda gilumo ir ilgalaiki\u0161kumo. Idealiai tinka vyrui, vertinan\u010diam gaivius kvapus su subtilia sud\u0117tingumo nata, kuri i\u0161lieka vis\u0105 dien\u0105.<\/p>\n","protected":false},"excerpt":{"rendered":"<p>Primena Acqua Di Parma i\u0161 Acqua di Parma<\/p>\n","protected":false},"featured_media":7079,"comment_status":"open","ping_status":"closed","template":"","meta":[],"product_brand":[],"product_cat":[28],"product_tag":[1391],"class_list":{"0":"post-7077","1":"product","2":"type-product","3":"status-publish","4":"has-post-thumbnail","6":"product_cat-acqua-di-parma","7":"product_tag-unisex","9":"first","10":"instock","11":"shipping-taxable","12":"product-type-simple"},"_links":{"self":[{"href":"https:\/\/divainers.com\/lt\/wp-json\/wp\/v2\/product\/7077","targetHints":{"allow":["GET"]}}],"collection":[{"href":"https:\/\/divainers.com\/lt\/wp-json\/wp\/v2\/product"}],"about":[{"href":"https:\/\/divainers.com\/lt\/wp-json\/wp\/v2\/types\/product"}],"replies":[{"embeddable":true,"href":"https:\/\/divainers.com\/lt\/wp-json\/wp\/v2\/comments?post=7077"}],"wp:featuredmedia":[{"embeddable":true,"href":"https:\/\/divainers.com\/lt\/wp-json\/wp\/v2\/media\/7079"}],"wp:attachment":[{"href":"https:\/\/divainers.com\/lt\/wp-json\/wp\/v2\/media?parent=7077"}],"wp:term":[{"taxonomy":"product_brand","embeddable":true,"href":"https:\/\/divainers.com\/lt\/wp-json\/wp\/v2\/product_brand?post=7077"},{"taxonomy":"product_cat","embeddable":true,"href":"https:\/\/divainers.com\/lt\/wp-json\/wp\/v2\/product_cat?post=7077"},{"taxonomy":"product_tag","embeddable":true,"href":"https:\/\/divainers.com\/lt\/wp-json\/wp\/v2\/product_tag?post=7077"}],"curies":[{"name":"wp","href":"https:\/\/api.w.org\/{rel}","templated":true}]}}