{"id":7141,"date":"2025-01-31T08:31:49","date_gmt":"2025-01-31T07:31:49","guid":{"rendered":"https:\/\/divainers.com\/producto\/divain-770\/"},"modified":"2026-04-30T09:43:36","modified_gmt":"2026-04-30T07:43:36","slug":"divain-770","status":"publish","type":"product","link":"https:\/\/divainers.com\/lt\/producto\/divain-770\/","title":{"rendered":"divain.770"},"content":{"rendered":"<p>\u0160i unisex kvapas prasideda citrusini\u0173 ir prieskonini\u0173 nat\u0173 deriniu, kur Kalabrijos bergamot\u0117 ir geltonasis mandarin\u0173 vaisius suteikia gaivumo, o ro\u017einis pipiras prideda subtil\u0173 ir intriguojant\u012f atspalv\u012f. \u0160irdyje susipina vy\u0161ni\u0173 \u017eiedai ir sambako jazminas, primenantys japoni\u0161k\u0173 \u017eydin\u010di\u0173 sod\u0173 ramyb\u0119 ir gro\u017e\u012f. Muskuso pagrindas suteikia \u0161ilumos ir jausmingumo \u0161velnum\u0105, prailgindamas kvapo patirt\u012f ant odos. \u0160is kvapas \u012fk\u016bnija japoni\u0161kos pavasario esm\u0119, kiekvien\u0105 kart\u0105 suteikdamas gaivumo ir elegancijos poj\u016bt\u012f.<\/p>\n","protected":false},"excerpt":{"rendered":"<p>Primena Sakura EDP i\u0161 Acqua di Parma<\/p>\n","protected":false},"featured_media":7144,"comment_status":"open","ping_status":"closed","template":"","meta":[],"product_brand":[],"product_cat":[1376],"product_tag":[1377],"class_list":{"0":"post-7141","1":"product","2":"type-product","3":"status-publish","4":"has-post-thumbnail","6":"product_cat-acqua-di-parma","7":"product_tag-uniseks","9":"first","10":"instock","11":"shipping-taxable","12":"product-type-simple"},"_links":{"self":[{"href":"https:\/\/divainers.com\/lt\/wp-json\/wp\/v2\/product\/7141","targetHints":{"allow":["GET"]}}],"collection":[{"href":"https:\/\/divainers.com\/lt\/wp-json\/wp\/v2\/product"}],"about":[{"href":"https:\/\/divainers.com\/lt\/wp-json\/wp\/v2\/types\/product"}],"replies":[{"embeddable":true,"href":"https:\/\/divainers.com\/lt\/wp-json\/wp\/v2\/comments?post=7141"}],"wp:featuredmedia":[{"embeddable":true,"href":"https:\/\/divainers.com\/lt\/wp-json\/wp\/v2\/media\/7144"}],"wp:attachment":[{"href":"https:\/\/divainers.com\/lt\/wp-json\/wp\/v2\/media?parent=7141"}],"wp:term":[{"taxonomy":"product_brand","embeddable":true,"href":"https:\/\/divainers.com\/lt\/wp-json\/wp\/v2\/product_brand?post=7141"},{"taxonomy":"product_cat","embeddable":true,"href":"https:\/\/divainers.com\/lt\/wp-json\/wp\/v2\/product_cat?post=7141"},{"taxonomy":"product_tag","embeddable":true,"href":"https:\/\/divainers.com\/lt\/wp-json\/wp\/v2\/product_tag?post=7141"}],"curies":[{"name":"wp","href":"https:\/\/api.w.org\/{rel}","templated":true}]}}