{"id":7156,"date":"2025-01-31T08:31:49","date_gmt":"2025-01-31T07:31:49","guid":{"rendered":"https:\/\/divainers.com\/producto\/divain-443\/"},"modified":"2026-04-30T09:43:41","modified_gmt":"2026-04-30T07:43:41","slug":"divain-443","status":"publish","type":"product","link":"https:\/\/divainers.com\/lt\/producto\/divain-443\/","title":{"rendered":"divain.443"},"content":{"rendered":"<p>Gaivus ir \u0161viesus aromatas, kuris nukelia prie Vidur\u017eemio j\u016bros v\u0117jo, kur saul\u0117 glosto od\u0105, o j\u016bra \u0161nib\u017eda horizonte. Nuo pat pirmos akimirkos mirto gyvybingumas ir itali\u0161k\u0173 citrusini\u0173 vaisi\u0173 putojimas pa\u017eadina poj\u016b\u010dius spindin\u010dia energija. \u0160irdyje kadagys ir g\u0117li\u0173 nat\u0117s suteikia aromating\u0105 ir rafinuot\u0105 prisilietim\u0105, i\u0161rei\u0161kiant gamt\u0105 jos pilniausioje i\u0161rai\u0161koje. Galiausiai, gintaro ir muskuso pagrindas palieka mink\u0161t\u0105, apsupt\u0105 ir eleganti\u0161k\u0105 p\u0117dsak\u0105. Atgaivinantis ir rafinuotas kvepalas, idealus tiems, kurie ie\u0161ko gaivumo, ramyb\u0117s ir Vidur\u017eemio j\u016bros pab\u0117gimo dvasios.<\/p>\n","protected":false},"excerpt":{"rendered":"<p>Primena Blue Mediterraneo Mirto di Panarea i\u0161 Acqua Di Parma<\/p>\n","protected":false},"featured_media":7159,"comment_status":"open","ping_status":"closed","template":"","meta":[],"product_brand":[],"product_cat":[1390],"product_tag":[1391],"class_list":{"0":"post-7156","1":"product","2":"type-product","3":"status-publish","4":"has-post-thumbnail","6":"product_cat-acqua-di-parma","7":"product_tag-unisex","9":"first","10":"instock","11":"shipping-taxable","12":"product-type-simple"},"_links":{"self":[{"href":"https:\/\/divainers.com\/lt\/wp-json\/wp\/v2\/product\/7156","targetHints":{"allow":["GET"]}}],"collection":[{"href":"https:\/\/divainers.com\/lt\/wp-json\/wp\/v2\/product"}],"about":[{"href":"https:\/\/divainers.com\/lt\/wp-json\/wp\/v2\/types\/product"}],"replies":[{"embeddable":true,"href":"https:\/\/divainers.com\/lt\/wp-json\/wp\/v2\/comments?post=7156"}],"wp:featuredmedia":[{"embeddable":true,"href":"https:\/\/divainers.com\/lt\/wp-json\/wp\/v2\/media\/7159"}],"wp:attachment":[{"href":"https:\/\/divainers.com\/lt\/wp-json\/wp\/v2\/media?parent=7156"}],"wp:term":[{"taxonomy":"product_brand","embeddable":true,"href":"https:\/\/divainers.com\/lt\/wp-json\/wp\/v2\/product_brand?post=7156"},{"taxonomy":"product_cat","embeddable":true,"href":"https:\/\/divainers.com\/lt\/wp-json\/wp\/v2\/product_cat?post=7156"},{"taxonomy":"product_tag","embeddable":true,"href":"https:\/\/divainers.com\/lt\/wp-json\/wp\/v2\/product_tag?post=7156"}],"curies":[{"name":"wp","href":"https:\/\/api.w.org\/{rel}","templated":true}]}}