{"id":7174,"date":"2025-01-31T08:31:49","date_gmt":"2025-01-31T07:31:49","guid":{"rendered":"https:\/\/divainers.com\/producto\/divain-318\/"},"modified":"2026-04-30T09:43:48","modified_gmt":"2026-04-30T07:43:48","slug":"divain-318","status":"publish","type":"product","link":"https:\/\/divainers.com\/lt\/producto\/divain-318\/","title":{"rendered":"divain.318"},"content":{"rendered":"<p>Intensyvus ir rafinuotas elegancijos kvapas, jungiantis oudo gilum\u0105 su itali\u0161k\u0173 citrusini\u0173 vaisi\u0173 elegancija. \u0160vie\u017eias ir \u0161viesus prad\u017eia pereina \u012f prieskoning\u0105, medienos \u0161ird\u012f, kur oud susipina su balzamin\u0117mis ir \u0161iltomis natomis. Pagrindas yra turtingas ir apgaubiantis, su odos ir derv\u0173 prisilietimais, suteikian\u010diais rafinuotos prabangos poj\u016bt\u012f. Tobulas tiems, kurie ie\u0161ko i\u0161skirtinio kvapo su charakteriu ir rafinuotumu.<\/p>\n","protected":false},"excerpt":{"rendered":"<p>Primena Oud Eau de Cologne Concentr\u00e9e de Acqua di Parma<\/p>\n","protected":false},"featured_media":7175,"comment_status":"open","ping_status":"closed","template":"","meta":[],"product_brand":[],"product_cat":[1390],"product_tag":[25],"class_list":{"0":"post-7174","1":"product","2":"type-product","3":"status-publish","4":"has-post-thumbnail","6":"product_cat-acqua-di-parma","7":"product_tag-hombre","9":"first","10":"instock","11":"shipping-taxable","12":"product-type-simple"},"_links":{"self":[{"href":"https:\/\/divainers.com\/lt\/wp-json\/wp\/v2\/product\/7174","targetHints":{"allow":["GET"]}}],"collection":[{"href":"https:\/\/divainers.com\/lt\/wp-json\/wp\/v2\/product"}],"about":[{"href":"https:\/\/divainers.com\/lt\/wp-json\/wp\/v2\/types\/product"}],"replies":[{"embeddable":true,"href":"https:\/\/divainers.com\/lt\/wp-json\/wp\/v2\/comments?post=7174"}],"wp:featuredmedia":[{"embeddable":true,"href":"https:\/\/divainers.com\/lt\/wp-json\/wp\/v2\/media\/7175"}],"wp:attachment":[{"href":"https:\/\/divainers.com\/lt\/wp-json\/wp\/v2\/media?parent=7174"}],"wp:term":[{"taxonomy":"product_brand","embeddable":true,"href":"https:\/\/divainers.com\/lt\/wp-json\/wp\/v2\/product_brand?post=7174"},{"taxonomy":"product_cat","embeddable":true,"href":"https:\/\/divainers.com\/lt\/wp-json\/wp\/v2\/product_cat?post=7174"},{"taxonomy":"product_tag","embeddable":true,"href":"https:\/\/divainers.com\/lt\/wp-json\/wp\/v2\/product_tag?post=7174"}],"curies":[{"name":"wp","href":"https:\/\/api.w.org\/{rel}","templated":true}]}}