{"id":7187,"date":"2025-01-31T08:31:49","date_gmt":"2025-01-31T07:31:49","guid":{"rendered":"https:\/\/divainers.com\/producto\/divain-281\/"},"modified":"2026-04-30T09:43:52","modified_gmt":"2026-04-30T07:43:52","slug":"divain-281","status":"publish","type":"product","link":"https:\/\/divainers.com\/lt\/producto\/divain-281\/","title":{"rendered":"divain.281"},"content":{"rendered":"<p>Tai gilus ir rafinuotas nat\u016bros kvapas, i\u0161siskiriantis intensyviu oudo buvimu \u2013 brangios dervos, \u017einomos d\u0117l savo \u0161ilto, \u017eemi\u0161ko ir med\u017eio aromato. Kvapas prasideda gaiviais ir prieskoniniais tonais, kuriuos papildo stiprus oudo charakteris, susipyn\u0119s su ro\u017ei\u0173 ir \u0161afrano \u017eied\u0173 prisilietimu \u0161irdyje. Pagrinde juntamos odos, kedro medienos ir muskuso natys, suteikian\u010dios \u0161ilt\u0105 ir apgaubian\u010di\u0105 baz\u0119. Tai parfumas, kuris sukelia prabangos, elegancijos ir i\u0161skirtinumo poj\u016bt\u012f, idealus ypatingoms progoms ir tiems, kurie ie\u0161ko i\u0161skirtinio ir ilgai i\u0161liekamo kvapo.<\/p>\n","protected":false},"excerpt":{"rendered":"<p>Primena Oud i\u0161 Acqua di Parma<\/p>\n","protected":false},"featured_media":7188,"comment_status":"open","ping_status":"closed","template":"","meta":[],"product_brand":[],"product_cat":[1414],"product_tag":[1373],"class_list":{"0":"post-7187","1":"product","2":"type-product","3":"status-publish","4":"has-post-thumbnail","6":"product_cat-acqua-di-parma","7":"product_tag-1373","9":"first","10":"instock","11":"shipping-taxable","12":"product-type-simple"},"_links":{"self":[{"href":"https:\/\/divainers.com\/lt\/wp-json\/wp\/v2\/product\/7187","targetHints":{"allow":["GET"]}}],"collection":[{"href":"https:\/\/divainers.com\/lt\/wp-json\/wp\/v2\/product"}],"about":[{"href":"https:\/\/divainers.com\/lt\/wp-json\/wp\/v2\/types\/product"}],"replies":[{"embeddable":true,"href":"https:\/\/divainers.com\/lt\/wp-json\/wp\/v2\/comments?post=7187"}],"wp:featuredmedia":[{"embeddable":true,"href":"https:\/\/divainers.com\/lt\/wp-json\/wp\/v2\/media\/7188"}],"wp:attachment":[{"href":"https:\/\/divainers.com\/lt\/wp-json\/wp\/v2\/media?parent=7187"}],"wp:term":[{"taxonomy":"product_brand","embeddable":true,"href":"https:\/\/divainers.com\/lt\/wp-json\/wp\/v2\/product_brand?post=7187"},{"taxonomy":"product_cat","embeddable":true,"href":"https:\/\/divainers.com\/lt\/wp-json\/wp\/v2\/product_cat?post=7187"},{"taxonomy":"product_tag","embeddable":true,"href":"https:\/\/divainers.com\/lt\/wp-json\/wp\/v2\/product_tag?post=7187"}],"curies":[{"name":"wp","href":"https:\/\/api.w.org\/{rel}","templated":true}]}}