{"id":7343,"date":"2025-01-31T08:31:50","date_gmt":"2025-01-31T07:31:50","guid":{"rendered":"https:\/\/divainers.com\/producto\/divain-086\/"},"modified":"2026-04-30T09:44:45","modified_gmt":"2026-04-30T07:44:45","slug":"divain-086","status":"publish","type":"product","link":"https:\/\/divainers.com\/lt\/producto\/divain-086\/","title":{"rendered":"divain.086"},"content":{"rendered":"<p>\u0160velnus ir am\u017einas elegancijos kvapas, kuris atspindi ro\u017ei\u0173 gaivum\u0105 ir nat\u016brali\u0105 elegancij\u0105 pa\u010diame j\u0173 \u017eyd\u0117jime. \u0160viesus citrusini\u0173 vaisi\u0173 ir \u017eali\u0173 lap\u0173 prad\u017eia suteikia gaiv\u0173 ir lengv\u0105 poj\u016bt\u012f. \u0160irdyje Bulgarijos ro\u017e\u0117 ir lelija apgaubia kvap\u0105 gryna ir rafinuota moteri\u0161kumu. Pagrinde muskusas ir sandalmedis kuria \u0161veln\u0173 ir apgaubiant\u012f p\u0117dsak\u0105, puikiai tinkant\u012f romanti\u0161kai, rami\u0105 moter\u012f su nat\u016braliu \u017eavesiu, kuris palieka \u012fsp\u016bd\u012f.<\/p>\n","protected":false},"excerpt":{"rendered":"<p>Primena Agua fresca de rosas de Adolfo Dominguez<\/p>\n","protected":false},"featured_media":7346,"comment_status":"open","ping_status":"closed","template":"","meta":[],"product_brand":[],"product_cat":[1447],"product_tag":[1448],"class_list":{"0":"post-7343","1":"product","2":"type-product","3":"status-publish","4":"has-post-thumbnail","6":"product_cat-adolfo-dominguez","7":"product_tag-moterys","9":"first","10":"instock","11":"shipping-taxable","12":"product-type-simple"},"_links":{"self":[{"href":"https:\/\/divainers.com\/lt\/wp-json\/wp\/v2\/product\/7343","targetHints":{"allow":["GET"]}}],"collection":[{"href":"https:\/\/divainers.com\/lt\/wp-json\/wp\/v2\/product"}],"about":[{"href":"https:\/\/divainers.com\/lt\/wp-json\/wp\/v2\/types\/product"}],"replies":[{"embeddable":true,"href":"https:\/\/divainers.com\/lt\/wp-json\/wp\/v2\/comments?post=7343"}],"wp:featuredmedia":[{"embeddable":true,"href":"https:\/\/divainers.com\/lt\/wp-json\/wp\/v2\/media\/7346"}],"wp:attachment":[{"href":"https:\/\/divainers.com\/lt\/wp-json\/wp\/v2\/media?parent=7343"}],"wp:term":[{"taxonomy":"product_brand","embeddable":true,"href":"https:\/\/divainers.com\/lt\/wp-json\/wp\/v2\/product_brand?post=7343"},{"taxonomy":"product_cat","embeddable":true,"href":"https:\/\/divainers.com\/lt\/wp-json\/wp\/v2\/product_cat?post=7343"},{"taxonomy":"product_tag","embeddable":true,"href":"https:\/\/divainers.com\/lt\/wp-json\/wp\/v2\/product_tag?post=7343"}],"curies":[{"name":"wp","href":"https:\/\/api.w.org\/{rel}","templated":true}]}}