{"id":7361,"date":"2025-01-31T08:31:50","date_gmt":"2025-01-31T07:31:50","guid":{"rendered":"https:\/\/divainers.com\/producto\/divain-049\/"},"modified":"2026-04-30T09:44:52","modified_gmt":"2026-04-30T07:44:52","slug":"divain-049","status":"publish","type":"product","link":"https:\/\/divainers.com\/lt\/producto\/divain-049\/","title":{"rendered":"divain.049"},"content":{"rendered":"<p>\u0160vie\u017eias ir nat\u016bralus kvapas, kuris sukelia gamtos ramyb\u0119 ir pusiausvyr\u0105. Jo gyvybingas citrusini\u0173 vaisi\u0173 ir \u017eali\u0173j\u0173 nat\u0173 atidarymas suteikia lengv\u0105 ir gaivinant\u012f poj\u016bt\u012f, o aromatingas bambuko ir \u0161velni\u0173 prieskoni\u0173 vidus prideda egzoti\u0161k\u0105 ir rafinuot\u0105 atspalv\u012f. Pagrinde kedras, gintaras ir muskuso aromatai sukuria \u0161ilt\u0105 ir apgaubiant\u012f p\u0117dsak\u0105, puikiai tinkant\u012f vyrui, ie\u0161kan\u010diam gaivumo, elegancijos ir harmonijos kasdienyb\u0117je.<\/p>\n","protected":false},"excerpt":{"rendered":"<p>Primena Bamb\u00fa i\u0161 Adolfo Dominguez<\/p>\n","protected":false},"featured_media":7362,"comment_status":"open","ping_status":"closed","template":"","meta":[],"product_brand":[],"product_cat":[1447],"product_tag":[1366],"class_list":{"0":"post-7361","1":"product","2":"type-product","3":"status-publish","4":"has-post-thumbnail","6":"product_cat-adolfo-dominguez","7":"product_tag-vyrai","9":"first","10":"instock","11":"shipping-taxable","12":"product-type-simple"},"_links":{"self":[{"href":"https:\/\/divainers.com\/lt\/wp-json\/wp\/v2\/product\/7361","targetHints":{"allow":["GET"]}}],"collection":[{"href":"https:\/\/divainers.com\/lt\/wp-json\/wp\/v2\/product"}],"about":[{"href":"https:\/\/divainers.com\/lt\/wp-json\/wp\/v2\/types\/product"}],"replies":[{"embeddable":true,"href":"https:\/\/divainers.com\/lt\/wp-json\/wp\/v2\/comments?post=7361"}],"wp:featuredmedia":[{"embeddable":true,"href":"https:\/\/divainers.com\/lt\/wp-json\/wp\/v2\/media\/7362"}],"wp:attachment":[{"href":"https:\/\/divainers.com\/lt\/wp-json\/wp\/v2\/media?parent=7361"}],"wp:term":[{"taxonomy":"product_brand","embeddable":true,"href":"https:\/\/divainers.com\/lt\/wp-json\/wp\/v2\/product_brand?post=7361"},{"taxonomy":"product_cat","embeddable":true,"href":"https:\/\/divainers.com\/lt\/wp-json\/wp\/v2\/product_cat?post=7361"},{"taxonomy":"product_tag","embeddable":true,"href":"https:\/\/divainers.com\/lt\/wp-json\/wp\/v2\/product_tag?post=7361"}],"curies":[{"name":"wp","href":"https:\/\/api.w.org\/{rel}","templated":true}]}}