{"id":7381,"date":"2025-01-31T08:31:50","date_gmt":"2025-01-31T07:31:50","guid":{"rendered":"https:\/\/divainers.com\/producto\/divain-031\/"},"modified":"2026-04-30T09:44:59","modified_gmt":"2026-04-30T07:44:59","slug":"divain-031","status":"publish","type":"product","link":"https:\/\/divainers.com\/lt\/producto\/divain-031\/","title":{"rendered":"divain.031"},"content":{"rendered":"<p>Nat\u016bralus ir gaivinantis kvapas, kuris sukelia gamtos \u0161varos poj\u016bt\u012f jos gryniausia forma. Citrusin\u0117s bergamo\u010di\u0173 ir mandarin\u0173 vir\u0161utin\u0117s natos susilieja su aromatingu rozmarin\u0173, levand\u0173 ir kalendr\u0173 \u0161irdimi, sukurdamos \u0161var\u0173 ir energing\u0105 poj\u016bt\u012f. Pagrinde \u0105\u017euolo saman\u0173, vetiverijos ir sandalmed\u017eio derinys suteikia gilumo ir elegancijos, palikdamas lengv\u0105, bet rafinuot\u0105 p\u0117dsak\u0105. Puikiai tinka ie\u0161kantiems gaivaus, subalansuoto ir am\u017eino kvapo.<\/p>\n","protected":false},"excerpt":{"rendered":"<p>Primena Agua Fresca i\u0161 Adolfo Dominguez<\/p>\n","protected":false},"featured_media":7382,"comment_status":"open","ping_status":"closed","template":"","meta":[],"product_brand":[],"product_cat":[1447],"product_tag":[1366],"class_list":{"0":"post-7381","1":"product","2":"type-product","3":"status-publish","4":"has-post-thumbnail","6":"product_cat-adolfo-dominguez","7":"product_tag-vyrai","9":"first","10":"instock","11":"shipping-taxable","12":"product-type-simple"},"_links":{"self":[{"href":"https:\/\/divainers.com\/lt\/wp-json\/wp\/v2\/product\/7381","targetHints":{"allow":["GET"]}}],"collection":[{"href":"https:\/\/divainers.com\/lt\/wp-json\/wp\/v2\/product"}],"about":[{"href":"https:\/\/divainers.com\/lt\/wp-json\/wp\/v2\/types\/product"}],"replies":[{"embeddable":true,"href":"https:\/\/divainers.com\/lt\/wp-json\/wp\/v2\/comments?post=7381"}],"wp:featuredmedia":[{"embeddable":true,"href":"https:\/\/divainers.com\/lt\/wp-json\/wp\/v2\/media\/7382"}],"wp:attachment":[{"href":"https:\/\/divainers.com\/lt\/wp-json\/wp\/v2\/media?parent=7381"}],"wp:term":[{"taxonomy":"product_brand","embeddable":true,"href":"https:\/\/divainers.com\/lt\/wp-json\/wp\/v2\/product_brand?post=7381"},{"taxonomy":"product_cat","embeddable":true,"href":"https:\/\/divainers.com\/lt\/wp-json\/wp\/v2\/product_cat?post=7381"},{"taxonomy":"product_tag","embeddable":true,"href":"https:\/\/divainers.com\/lt\/wp-json\/wp\/v2\/product_tag?post=7381"}],"curies":[{"name":"wp","href":"https:\/\/api.w.org\/{rel}","templated":true}]}}