{"id":7401,"date":"2025-08-01T12:00:08","date_gmt":"2025-08-01T10:00:08","guid":{"rendered":"https:\/\/divainers.com\/producto\/divain-1057\/"},"modified":"2026-03-31T08:41:46","modified_gmt":"2026-03-31T06:41:46","slug":"divain-1057","status":"publish","type":"product","link":"https:\/\/divainers.com\/lt\/producto\/divain-1057\/","title":{"rendered":"divain.1057"},"content":{"rendered":"<p>\u012esivaizduokite intensyv\u0173 ir rafinuot\u0105 aromat\u0105, spinduliuojant\u012f paslapt\u012f ir charakter\u012f, puikiai tinkant\u012f tiems, kurie nori kiekviename \u017eingsnyje palikti gil\u0173 ir magnetin\u012f p\u0117dsak\u0105.<\/p>\n","protected":false},"excerpt":{"rendered":"<p>Prisiminkite Onyx by Al-Jazeera Kvepalai<\/p>\n","protected":false},"featured_media":7403,"comment_status":"open","ping_status":"closed","template":"","meta":[],"product_brand":[],"product_cat":[1459],"product_tag":[],"class_list":{"0":"post-7401","1":"product","2":"type-product","3":"status-publish","4":"has-post-thumbnail","6":"product_cat-al-jazeera-kvepalai","8":"first","9":"instock","10":"shipping-taxable","11":"product-type-simple"},"_links":{"self":[{"href":"https:\/\/divainers.com\/lt\/wp-json\/wp\/v2\/product\/7401","targetHints":{"allow":["GET"]}}],"collection":[{"href":"https:\/\/divainers.com\/lt\/wp-json\/wp\/v2\/product"}],"about":[{"href":"https:\/\/divainers.com\/lt\/wp-json\/wp\/v2\/types\/product"}],"replies":[{"embeddable":true,"href":"https:\/\/divainers.com\/lt\/wp-json\/wp\/v2\/comments?post=7401"}],"wp:featuredmedia":[{"embeddable":true,"href":"https:\/\/divainers.com\/lt\/wp-json\/wp\/v2\/media\/7403"}],"wp:attachment":[{"href":"https:\/\/divainers.com\/lt\/wp-json\/wp\/v2\/media?parent=7401"}],"wp:term":[{"taxonomy":"product_brand","embeddable":true,"href":"https:\/\/divainers.com\/lt\/wp-json\/wp\/v2\/product_brand?post=7401"},{"taxonomy":"product_cat","embeddable":true,"href":"https:\/\/divainers.com\/lt\/wp-json\/wp\/v2\/product_cat?post=7401"},{"taxonomy":"product_tag","embeddable":true,"href":"https:\/\/divainers.com\/lt\/wp-json\/wp\/v2\/product_tag?post=7401"}],"curies":[{"name":"wp","href":"https:\/\/api.w.org\/{rel}","templated":true}]}}