{"id":748,"date":"2025-01-31T08:32:41","date_gmt":"2025-01-31T07:32:41","guid":{"rendered":"https:\/\/divainers.com\/producto\/divain-697\/"},"modified":"2026-04-30T16:12:14","modified_gmt":"2026-04-30T14:12:14","slug":"divain-697","status":"publish","type":"product","link":"https:\/\/divainers.com\/lt\/producto\/divain-697\/","title":{"rendered":"divain.697"},"content":{"rendered":"<p>Intenzivan, odva\u017ean i zavodljiv miris, osmi\u0161ljen da prizove osje\u0107aj misterije i mo\u0107i. Po\u010dinje s mje\u0161avinom vo\u0107nih nota poput mandarine i tre\u0161nje, koje vode do cvjetnog srca jasmina i naran\u010dinog cvijeta. Baza od meda, sandalovine i vanilije donosi toplinu i slatko\u0107u koja obavija ko\u017eu, stvaraju\u0107i senzualan i zavodljiv miris. Idealno za no\u0107, ovaj miris je za one koji \u017eele istaknuti se hrabrim i zavodljivim parfemom.<\/p>\n","protected":false},"excerpt":{"rendered":"<p>Podsje\u0107a na Scandal by Night od Jean Paul Gaultier<\/p>\n","protected":false},"featured_media":15666,"comment_status":"open","ping_status":"closed","template":"","meta":[],"product_brand":[],"product_cat":[1296],"product_tag":[1428],"class_list":{"0":"post-748","1":"product","2":"type-product","3":"status-publish","4":"has-post-thumbnail","6":"product_cat-jean-paul-gaultier","7":"product_tag-naiset","9":"first","10":"instock","11":"shipping-taxable","12":"product-type-simple"},"_links":{"self":[{"href":"https:\/\/divainers.com\/lt\/wp-json\/wp\/v2\/product\/748","targetHints":{"allow":["GET"]}}],"collection":[{"href":"https:\/\/divainers.com\/lt\/wp-json\/wp\/v2\/product"}],"about":[{"href":"https:\/\/divainers.com\/lt\/wp-json\/wp\/v2\/types\/product"}],"replies":[{"embeddable":true,"href":"https:\/\/divainers.com\/lt\/wp-json\/wp\/v2\/comments?post=748"}],"wp:featuredmedia":[{"embeddable":true,"href":"https:\/\/divainers.com\/lt\/wp-json\/wp\/v2\/media\/15666"}],"wp:attachment":[{"href":"https:\/\/divainers.com\/lt\/wp-json\/wp\/v2\/media?parent=748"}],"wp:term":[{"taxonomy":"product_brand","embeddable":true,"href":"https:\/\/divainers.com\/lt\/wp-json\/wp\/v2\/product_brand?post=748"},{"taxonomy":"product_cat","embeddable":true,"href":"https:\/\/divainers.com\/lt\/wp-json\/wp\/v2\/product_cat?post=748"},{"taxonomy":"product_tag","embeddable":true,"href":"https:\/\/divainers.com\/lt\/wp-json\/wp\/v2\/product_tag?post=748"}],"curies":[{"name":"wp","href":"https:\/\/api.w.org\/{rel}","templated":true}]}}