{"id":7645,"date":"2025-01-31T08:32:01","date_gmt":"2025-01-31T07:32:01","guid":{"rendered":"https:\/\/divainers.com\/producto\/divain-003\/"},"modified":"2026-04-30T09:47:09","modified_gmt":"2026-04-30T07:47:09","slug":"divain-003","status":"publish","type":"product","link":"https:\/\/divainers.com\/lt\/producto\/divain-003\/","title":{"rendered":"divain.003"},"content":{"rendered":"<p>\u012esivaizduokite poj\u016b\u010di\u0173 kelion\u0119, kur am\u017eina elegancija susitinka su nuotykiu. \u0160is kvapas derina odos ir vanil\u0117s \u0161ilum\u0105 su \u0161afrano ir muskato rie\u0161uto prieskoniniu magnetizmu. \u0160vie\u017ei\u0173 citrusini\u0173 vaisi\u0173 gaiva susipina su kilni\u0173 med\u017ei\u0173 \u0161irdimi ir apgaubian\u010dia gintaro bei vetiverio baze, sukurdama rafinuot\u0105, vyri\u0161k\u0105 ir viliojant\u012f aromat\u0105. Tobula tiems, kurie ie\u0161ko i\u0161skirtinumo ir charakterio kiekvienoje esencijoje.<\/p>\n","protected":false},"excerpt":{"rendered":"<p>Primena CH Men i\u0161 Carolina Herrera<\/p>\n","protected":false},"featured_media":7644,"comment_status":"open","ping_status":"closed","template":"","meta":[],"product_brand":[],"product_cat":[1538],"product_tag":[1366],"class_list":{"0":"post-7645","1":"product","2":"type-product","3":"status-publish","4":"has-post-thumbnail","6":"product_cat-carolina-herrera","7":"product_tag-vyrai","9":"first","10":"instock","11":"shipping-taxable","12":"product-type-simple"},"_links":{"self":[{"href":"https:\/\/divainers.com\/lt\/wp-json\/wp\/v2\/product\/7645","targetHints":{"allow":["GET"]}}],"collection":[{"href":"https:\/\/divainers.com\/lt\/wp-json\/wp\/v2\/product"}],"about":[{"href":"https:\/\/divainers.com\/lt\/wp-json\/wp\/v2\/types\/product"}],"replies":[{"embeddable":true,"href":"https:\/\/divainers.com\/lt\/wp-json\/wp\/v2\/comments?post=7645"}],"wp:featuredmedia":[{"embeddable":true,"href":"https:\/\/divainers.com\/lt\/wp-json\/wp\/v2\/media\/7644"}],"wp:attachment":[{"href":"https:\/\/divainers.com\/lt\/wp-json\/wp\/v2\/media?parent=7645"}],"wp:term":[{"taxonomy":"product_brand","embeddable":true,"href":"https:\/\/divainers.com\/lt\/wp-json\/wp\/v2\/product_brand?post=7645"},{"taxonomy":"product_cat","embeddable":true,"href":"https:\/\/divainers.com\/lt\/wp-json\/wp\/v2\/product_cat?post=7645"},{"taxonomy":"product_tag","embeddable":true,"href":"https:\/\/divainers.com\/lt\/wp-json\/wp\/v2\/product_tag?post=7645"}],"curies":[{"name":"wp","href":"https:\/\/api.w.org\/{rel}","templated":true}]}}