{"id":7685,"date":"2025-01-31T08:32:01","date_gmt":"2025-01-31T07:32:01","guid":{"rendered":"https:\/\/divainers.com\/producto\/divain-004\/"},"modified":"2026-04-30T09:47:21","modified_gmt":"2026-04-30T07:47:21","slug":"divain-004","status":"publish","type":"product","link":"https:\/\/divainers.com\/lt\/producto\/divain-004\/","title":{"rendered":"divain.004"},"content":{"rendered":"<p>Gaivumo ir dinami\u0161kumo sprogimas, kuris su\u017eadina miesto gyvybing\u0105 energij\u0105. \u0160is kvapas derina gaivias citrusines natas su a\u0161triu pipir\u0173 ir imbiero \u0161irdies akordu, sukuriant rafinuot\u0105 ir modern\u0173 kontrast\u0105. Jo medienos pagrindas su muskuso ir santalmed\u017eio atspalviais suteikia gylio ir magnetizmo, palikdamas eleganti\u0161k\u0105 ir viliojan\u010di\u0105 aur\u0105. Idealu kosmopoliti\u0161kam vyrui, pasitikin\u010diam savimi ir turin\u010diam i\u0161skirtin\u012f stili\u0173.<\/p>\n","protected":false},"excerpt":{"rendered":"<p>Primena 212 Men i\u0161 Carolina Herrera<\/p>\n","protected":false},"featured_media":7684,"comment_status":"open","ping_status":"closed","template":"","meta":[],"product_brand":[],"product_cat":[1525],"product_tag":[1360],"class_list":{"0":"post-7685","1":"product","2":"type-product","3":"status-publish","4":"has-post-thumbnail","6":"product_cat-carolina-herrera","7":"product_tag-muskarci","9":"first","10":"instock","11":"shipping-taxable","12":"product-type-simple"},"_links":{"self":[{"href":"https:\/\/divainers.com\/lt\/wp-json\/wp\/v2\/product\/7685","targetHints":{"allow":["GET"]}}],"collection":[{"href":"https:\/\/divainers.com\/lt\/wp-json\/wp\/v2\/product"}],"about":[{"href":"https:\/\/divainers.com\/lt\/wp-json\/wp\/v2\/types\/product"}],"replies":[{"embeddable":true,"href":"https:\/\/divainers.com\/lt\/wp-json\/wp\/v2\/comments?post=7685"}],"wp:featuredmedia":[{"embeddable":true,"href":"https:\/\/divainers.com\/lt\/wp-json\/wp\/v2\/media\/7684"}],"wp:attachment":[{"href":"https:\/\/divainers.com\/lt\/wp-json\/wp\/v2\/media?parent=7685"}],"wp:term":[{"taxonomy":"product_brand","embeddable":true,"href":"https:\/\/divainers.com\/lt\/wp-json\/wp\/v2\/product_brand?post=7685"},{"taxonomy":"product_cat","embeddable":true,"href":"https:\/\/divainers.com\/lt\/wp-json\/wp\/v2\/product_cat?post=7685"},{"taxonomy":"product_tag","embeddable":true,"href":"https:\/\/divainers.com\/lt\/wp-json\/wp\/v2\/product_tag?post=7685"}],"curies":[{"name":"wp","href":"https:\/\/api.w.org\/{rel}","templated":true}]}}