{"id":7814,"date":"2025-01-31T08:31:51","date_gmt":"2025-01-31T07:31:51","guid":{"rendered":"https:\/\/divainers.com\/producto\/divain-411\/"},"modified":"2026-04-30T09:48:00","modified_gmt":"2026-04-30T07:48:00","slug":"divain-411","status":"publish","type":"product","link":"https:\/\/divainers.com\/lt\/producto\/divain-411\/","title":{"rendered":"divain.411"},"content":{"rendered":"<p>Kvapas, kuris subalansuoja gaivum\u0105 ir gilum\u0105 su \u017eavingu aromatini\u0173 ir dervini\u0173 nat\u0173 deriniu. Atidarymas yra gyvas ir prieskoninis, su mentolio gaidele, suteikian\u010dia gaivumo ir energijos poj\u016bt\u012f. Vystantis atsiskleid\u017eia \u0161iltas ir \u017eemi\u0161kas vidus, kuriame medienos ir dervos susipina su balzamin\u0117mis ir d\u016bmin\u0117mis natomis. Pagrindas yra turtingas ir ilgalaikis, su gintaro ir odos natomis, kurios suteikia ilgalaik\u012f eleganti\u0161kum\u0105. Idealu tiems, kurie ie\u0161ko rafinuoto ir apgaubian\u010dio kvapo su intriguojan\u010diu kontrastu tarp gaivumo ir \u0161ilumos.<\/p>\n","protected":false},"excerpt":{"rendered":"<p>Primena Enclave i\u0161 Amouage<\/p>\n","protected":false},"featured_media":7812,"comment_status":"open","ping_status":"closed","template":"","meta":[],"product_brand":[],"product_cat":[1564],"product_tag":[1391],"class_list":{"0":"post-7814","1":"product","2":"type-product","3":"status-publish","4":"has-post-thumbnail","6":"product_cat-amouage","7":"product_tag-unisex","9":"first","10":"instock","11":"shipping-taxable","12":"product-type-simple"},"_links":{"self":[{"href":"https:\/\/divainers.com\/lt\/wp-json\/wp\/v2\/product\/7814","targetHints":{"allow":["GET"]}}],"collection":[{"href":"https:\/\/divainers.com\/lt\/wp-json\/wp\/v2\/product"}],"about":[{"href":"https:\/\/divainers.com\/lt\/wp-json\/wp\/v2\/types\/product"}],"replies":[{"embeddable":true,"href":"https:\/\/divainers.com\/lt\/wp-json\/wp\/v2\/comments?post=7814"}],"wp:featuredmedia":[{"embeddable":true,"href":"https:\/\/divainers.com\/lt\/wp-json\/wp\/v2\/media\/7812"}],"wp:attachment":[{"href":"https:\/\/divainers.com\/lt\/wp-json\/wp\/v2\/media?parent=7814"}],"wp:term":[{"taxonomy":"product_brand","embeddable":true,"href":"https:\/\/divainers.com\/lt\/wp-json\/wp\/v2\/product_brand?post=7814"},{"taxonomy":"product_cat","embeddable":true,"href":"https:\/\/divainers.com\/lt\/wp-json\/wp\/v2\/product_cat?post=7814"},{"taxonomy":"product_tag","embeddable":true,"href":"https:\/\/divainers.com\/lt\/wp-json\/wp\/v2\/product_tag?post=7814"}],"curies":[{"name":"wp","href":"https:\/\/api.w.org\/{rel}","templated":true}]}}